{"id":101,"date":"2021-03-30T13:41:46","date_gmt":"2021-03-30T13:41:46","guid":{"rendered":"https:\/\/nielsgrobler.de\/?page_id=101"},"modified":"2021-03-31T20:27:32","modified_gmt":"2021-03-31T20:27:32","slug":"geg-enev-eneg-und-eewaermeg","status":"publish","type":"page","link":"https:\/\/nielsgrobler.de\/index.php\/kostenloser-ratgeber-immobilienwissen\/geg-enev-eneg-und-eewaermeg\/","title":{"rendered":"GEG, EnEV, EnEG und EEW\u00e4rmeG"},"content":{"rendered":"<p><img loading=\"lazy\" decoding=\"async\" class=\"alignnone wp-image-102\" src=\"https:\/\/nielsgrobler.de\/wp-content\/uploads\/2021\/03\/Energieausweis_bearbeitet-300x162.jpg\" alt=\"Symbolbild Energieausweis mit Haus\" width=\"2026\" height=\"1094\" srcset=\"https:\/\/nielsgrobler.de\/wp-content\/uploads\/2021\/03\/Energieausweis_bearbeitet-300x162.jpg 300w, https:\/\/nielsgrobler.de\/wp-content\/uploads\/2021\/03\/Energieausweis_bearbeitet.jpg 644w\" sizes=\"(max-width: 2026px) 100vw, 2026px\" \/><\/p>\n<p>Am <strong>1. November 2020<\/strong> trat das <strong>GEG<\/strong> &#8211; das <em><strong class=\"c-content-teaser__h\">Geb\u00e4udeenergiegesetz<\/strong><\/em>&#8211; in Kraft. Das <strong>GEG<\/strong> l\u00f6st <strong>EnEG<\/strong>, die <strong>EnEV<\/strong> und das <strong>EEW\u00e4rmeG<\/strong> ab. Mit dem <strong>GEG<\/strong> wird das bisherige <em><strong>Energiesparrecht f\u00fcr Geb\u00e4ude<\/strong><\/em> in einem einheitlichen Regelwerk zusammengefasst.<\/p>\n<p>Das neue Regelwerk beinhaltet:<\/p>\n<ul>\n<li><strong>Energetische Anforderungen an Neubauten und Bestandsgeb\u00e4ude<\/strong><\/li>\n<li><strong>Einsatz erneuerbarer Energien zur W\u00e4rme- und K\u00e4lteversorgung von Geb\u00e4uden<\/strong><\/li>\n<li><strong>Regelungen f\u00fcr die Erstellung und die Verwendung von <a href=\"https:\/\/nielsgrobler.de\/index.php\/kostenloser-ratgeber-immobilienwissen\/energieausweis\/\">Energieausweisen<\/a><\/strong>.<\/li>\n<\/ul>\n<p>Au\u00dferdem setzt das <strong>GEG<\/strong> die neuen europ\u00e4ischen Vorgaben zur <strong>Gesamtenergieeffizienz<\/strong> von Geb\u00e4uden um hat die <strong>Regelung des Niedrigstenergiegeb\u00e4udes<\/strong> in das vereinheitlichte Energieeinsparrecht integriert. <span class=\"aCOpRe\">[1]<\/span><\/p>\n<hr \/>\n<p><em><strong>Bitte beachten Sie, ein Immobilienratgeber wie dieser kann keine Beratung durch einen Experten ersetzen. Der Ratgeber soll Ihnen nur Orientierung in einem sich st\u00e4ndig ver\u00e4ndernden Markt bieten.<\/strong><\/em><\/p>\n<hr \/>\n<p><a href=\"https:\/\/www.bgbl.de\/xaver\/bgbl\/start.xav?startbk=Bundesanzeiger_BGBl&amp;bk=Bundesanzeiger_BGBl&amp;start=\/\/*[@attr_id=%27bgbl107s1519.pdf%27]#__bgbl__%2F%2F*%5B%40attr_id%3D%27bgbl120s1728.pdf%27%5D__1617120089049\">Das GEG beim Bundesanzeiger<\/a> (Externer Link)<\/p>\n<p><strong>Quellen:<\/strong><\/p>\n<ol>\n<li><a href=\"https:\/\/www.bmi.bund.de\/DE\/themen\/bauen-wohnen\/bauen\/energieeffizientes-bauen-sanieren\/energieausweise\/gebaeudeenergiegesetz-node.html\">https:\/\/www.bmi.bund.de\/DE\/themen\/bauen-wohnen\/bauen\/energieeffizientes-bauen-sanieren\/energieausweise\/gebaeudeenergiegesetz-node.html<\/a><\/li>\n<\/ol>\n<p>(Letzte Aktualisierung: 30.3.2021 ) Der Artikel dient lediglich der Orientierung und erhebt keinen Anspruch auf Vollst\u00e4ndigkeit. Diese Seite ist Teil des <a href=\"https:\/\/nielsgrobler.de\/index.php\/kostenloser-ratgeber-immobilienwissen\/\">Immobilien-Ratgebers<\/a>.<\/p>\n<p>&nbsp;<\/p>\n","protected":false},"excerpt":{"rendered":"<p>Am 1. November 2020 trat das GEG &#8211; das Geb\u00e4udeenergiegesetz&#8211; in Kraft. Das GEG l\u00f6st EnEG, die EnEV und das EEW\u00e4rmeG ab. Mit dem GEG wird das bisherige Energiesparrecht f\u00fcr Geb\u00e4ude in einem einheitlichen Regelwerk zusammengefasst. Das neue Regelwerk beinhaltet: Energetische Anforderungen an Neubauten und Bestandsgeb\u00e4ude Einsatz erneuerbarer Energien zur W\u00e4rme- und K\u00e4lteversorgung von Geb\u00e4uden [&hellip;]<\/p>\n","protected":false},"author":1,"featured_media":0,"parent":93,"menu_order":0,"comment_status":"closed","ping_status":"closed","template":"","meta":{"site-sidebar-layout":"default","site-content-layout":"default","ast-site-content-layout":"","site-content-style":"default","site-sidebar-style":"default","ast-global-header-display":"","ast-banner-title-visibility":"","ast-main-header-display":"","ast-hfb-above-header-display":"","ast-hfb-below-header-display":"","ast-hfb-mobile-header-display":"","site-post-title":"","ast-breadcrumbs-content":"","ast-featured-img":"","footer-sml-layout":"","theme-transparent-header-meta":"default","adv-header-id-meta":"","stick-header-meta":"","header-above-stick-meta":"","header-main-stick-meta":"","header-below-stick-meta":"","astra-migrate-meta-layouts":"default","ast-page-background-enabled":"default","ast-page-background-meta":{"desktop":{"background-color":"","background-image":"","background-repeat":"repeat","background-position":"center center","background-size":"auto","background-attachment":"scroll","background-type":"","background-media":"","overlay-type":"","overlay-color":"","overlay-opacity":"","overlay-gradient":""},"tablet":{"background-color":"","background-image":"","background-repeat":"repeat","background-position":"center center","background-size":"auto","background-attachment":"scroll","background-type":"","background-media":"","overlay-type":"","overlay-color":"","overlay-opacity":"","overlay-gradient":""},"mobile":{"background-color":"","background-image":"","background-repeat":"repeat","background-position":"center center","background-size":"auto","background-attachment":"scroll","background-type":"","background-media":"","overlay-type":"","overlay-color":"","overlay-opacity":"","overlay-gradient":""}},"ast-content-background-meta":{"desktop":{"background-color":"var(--ast-global-color-5)","background-image":"","background-repeat":"repeat","background-position":"center center","background-size":"auto","background-attachment":"scroll","background-type":"","background-media":"","overlay-type":"","overlay-color":"","overlay-opacity":"","overlay-gradient":""},"tablet":{"background-color":"var(--ast-global-color-5)","background-image":"","background-repeat":"repeat","background-position":"center center","background-size":"auto","background-attachment":"scroll","background-type":"","background-media":"","overlay-type":"","overlay-color":"","overlay-opacity":"","overlay-gradient":""},"mobile":{"background-color":"var(--ast-global-color-5)","background-image":"","background-repeat":"repeat","background-position":"center center","background-size":"auto","background-attachment":"scroll","background-type":"","background-media":"","overlay-type":"","overlay-color":"","overlay-opacity":"","overlay-gradient":""}},"footnotes":""},"yoast_head":"<!-- This site is optimized with the Yoast SEO plugin v23.0 - https:\/\/yoast.com\/wordpress\/plugins\/seo\/ -->\n<title>GROBLER - GEG, EnEV, EnEG und EEW\u00e4rmeG - Geb\u00e4udeenergiegesetz<\/title>\n<meta name=\"description\" content=\"Eine Bestandsaufnahme zum neuen Geb\u00e4udeenergiegesetz (GEG). Kurzer Abriss zur aktuellen Gesetzeslage. GEG vs. EnEV, EnEG und EEW\u00e4rmeG.\" \/>\n<meta name=\"robots\" content=\"index, follow, max-snippet:-1, max-image-preview:large, max-video-preview:-1\" \/>\n<link rel=\"canonical\" href=\"https:\/\/nielsgrobler.de\/index.php\/kostenloser-ratgeber-immobilienwissen\/geg-enev-eneg-und-eewaermeg\/\" \/>\n<meta property=\"og:locale\" content=\"de_DE\" \/>\n<meta property=\"og:type\" content=\"article\" \/>\n<meta property=\"og:title\" content=\"GROBLER - GEG, EnEV, EnEG und EEW\u00e4rmeG - Geb\u00e4udeenergiegesetz\" \/>\n<meta property=\"og:description\" content=\"Eine Bestandsaufnahme zum neuen Geb\u00e4udeenergiegesetz (GEG). Kurzer Abriss zur aktuellen Gesetzeslage. GEG vs. EnEV, EnEG und EEW\u00e4rmeG.\" \/>\n<meta property=\"og:url\" content=\"https:\/\/nielsgrobler.de\/index.php\/kostenloser-ratgeber-immobilienwissen\/geg-enev-eneg-und-eewaermeg\/\" \/>\n<meta property=\"og:site_name\" content=\"GROBLER\" \/>\n<meta property=\"article:publisher\" content=\"https:\/\/www.facebook.com\/niels.grobler\" \/>\n<meta property=\"article:modified_time\" content=\"2021-03-31T20:27:32+00:00\" \/>\n<meta property=\"og:image\" content=\"https:\/\/nielsgrobler.de\/wp-content\/uploads\/2021\/03\/Energieausweis_bearbeitet-300x162.jpg\" \/>\n<meta name=\"twitter:card\" content=\"summary_large_image\" \/>\n<meta name=\"twitter:label1\" content=\"Gesch\u00e4tzte Lesezeit\" \/>\n\t<meta name=\"twitter:data1\" content=\"1\u00a0Minute\" \/>\n<script type=\"application\/ld+json\" class=\"yoast-schema-graph\">{\"@context\":\"https:\/\/schema.org\",\"@graph\":[{\"@type\":\"WebPage\",\"@id\":\"https:\/\/nielsgrobler.de\/index.php\/kostenloser-ratgeber-immobilienwissen\/geg-enev-eneg-und-eewaermeg\/\",\"url\":\"https:\/\/nielsgrobler.de\/index.php\/kostenloser-ratgeber-immobilienwissen\/geg-enev-eneg-und-eewaermeg\/\",\"name\":\"GROBLER - GEG, EnEV, EnEG und EEW\u00e4rmeG - Geb\u00e4udeenergiegesetz\",\"isPartOf\":{\"@id\":\"https:\/\/nielsgrobler.de\/#website\"},\"primaryImageOfPage\":{\"@id\":\"https:\/\/nielsgrobler.de\/index.php\/kostenloser-ratgeber-immobilienwissen\/geg-enev-eneg-und-eewaermeg\/#primaryimage\"},\"image\":{\"@id\":\"https:\/\/nielsgrobler.de\/index.php\/kostenloser-ratgeber-immobilienwissen\/geg-enev-eneg-und-eewaermeg\/#primaryimage\"},\"thumbnailUrl\":\"https:\/\/nielsgrobler.de\/wp-content\/uploads\/2021\/03\/Energieausweis_bearbeitet-300x162.jpg\",\"datePublished\":\"2021-03-30T13:41:46+00:00\",\"dateModified\":\"2021-03-31T20:27:32+00:00\",\"description\":\"Eine Bestandsaufnahme zum neuen Geb\u00e4udeenergiegesetz (GEG). Kurzer Abriss zur aktuellen Gesetzeslage. GEG vs. EnEV, EnEG und EEW\u00e4rmeG.\",\"breadcrumb\":{\"@id\":\"https:\/\/nielsgrobler.de\/index.php\/kostenloser-ratgeber-immobilienwissen\/geg-enev-eneg-und-eewaermeg\/#breadcrumb\"},\"inLanguage\":\"de\",\"potentialAction\":[{\"@type\":\"ReadAction\",\"target\":[\"https:\/\/nielsgrobler.de\/index.php\/kostenloser-ratgeber-immobilienwissen\/geg-enev-eneg-und-eewaermeg\/\"]}]},{\"@type\":\"ImageObject\",\"inLanguage\":\"de\",\"@id\":\"https:\/\/nielsgrobler.de\/index.php\/kostenloser-ratgeber-immobilienwissen\/geg-enev-eneg-und-eewaermeg\/#primaryimage\",\"url\":\"https:\/\/nielsgrobler.de\/wp-content\/uploads\/2021\/03\/Energieausweis_bearbeitet.jpg\",\"contentUrl\":\"https:\/\/nielsgrobler.de\/wp-content\/uploads\/2021\/03\/Energieausweis_bearbeitet.jpg\",\"width\":644,\"height\":348},{\"@type\":\"BreadcrumbList\",\"@id\":\"https:\/\/nielsgrobler.de\/index.php\/kostenloser-ratgeber-immobilienwissen\/geg-enev-eneg-und-eewaermeg\/#breadcrumb\",\"itemListElement\":[{\"@type\":\"ListItem\",\"position\":1,\"name\":\"Startseite\",\"item\":\"https:\/\/nielsgrobler.de\/\"},{\"@type\":\"ListItem\",\"position\":2,\"name\":\"Immobilienratgeber\",\"item\":\"https:\/\/nielsgrobler.de\/index.php\/kostenloser-ratgeber-immobilienwissen\/\"},{\"@type\":\"ListItem\",\"position\":3,\"name\":\"GEG, EnEV, EnEG und EEW\u00e4rmeG\"}]},{\"@type\":\"WebSite\",\"@id\":\"https:\/\/nielsgrobler.de\/#website\",\"url\":\"https:\/\/nielsgrobler.de\/\",\"name\":\"GROBLER\",\"description\":\"Willkommen auf nielsgrobler.de\",\"publisher\":{\"@id\":\"https:\/\/nielsgrobler.de\/#\/schema\/person\/b5b55f5c6660ed9489d68b1a61e8b5e3\"},\"potentialAction\":[{\"@type\":\"SearchAction\",\"target\":{\"@type\":\"EntryPoint\",\"urlTemplate\":\"https:\/\/nielsgrobler.de\/?s={search_term_string}\"},\"query-input\":\"required name=search_term_string\"}],\"inLanguage\":\"de\"},{\"@type\":[\"Person\",\"Organization\"],\"@id\":\"https:\/\/nielsgrobler.de\/#\/schema\/person\/b5b55f5c6660ed9489d68b1a61e8b5e3\",\"name\":\"Niels Grobler\",\"image\":{\"@type\":\"ImageObject\",\"inLanguage\":\"de\",\"@id\":\"https:\/\/nielsgrobler.de\/#\/schema\/person\/image\/\",\"url\":\"https:\/\/nielsgrobler.de\/wp-content\/uploads\/2021\/03\/niels-grobler-foto.1024x1024-gespiegelt.jpg\",\"contentUrl\":\"https:\/\/nielsgrobler.de\/wp-content\/uploads\/2021\/03\/niels-grobler-foto.1024x1024-gespiegelt.jpg\",\"width\":1024,\"height\":1024,\"caption\":\"Niels Grobler\"},\"logo\":{\"@id\":\"https:\/\/nielsgrobler.de\/#\/schema\/person\/image\/\"},\"description\":\"Mensch, Vater, Ehemann, Immobilienvermittler (IHK) - f\u00fcr die Postbank Immobilien GmbH - unser B\u00fcro befindet sich im Sachsentor 24, 21029 Hamburg-Bergedorf. Ich bin Gebietsleiter f\u00fcr Reinbek und Wentorf.\",\"sameAs\":[\"https:\/\/nielsgrobler.de\",\"https:\/\/www.facebook.com\/niels.grobler\",\"https:\/\/www.instagram.com\/niels_grobler\/\",\"https:\/\/www.linkedin.com\/in\/niels-grobler-2b1b411b4\/\"]}]}<\/script>\n<!-- \/ Yoast SEO plugin. -->","yoast_head_json":{"title":"GROBLER - GEG, EnEV, EnEG und EEW\u00e4rmeG - Geb\u00e4udeenergiegesetz","description":"Eine Bestandsaufnahme zum neuen Geb\u00e4udeenergiegesetz (GEG). Kurzer Abriss zur aktuellen Gesetzeslage. GEG vs. EnEV, EnEG und EEW\u00e4rmeG.","robots":{"index":"index","follow":"follow","max-snippet":"max-snippet:-1","max-image-preview":"max-image-preview:large","max-video-preview":"max-video-preview:-1"},"canonical":"https:\/\/nielsgrobler.de\/index.php\/kostenloser-ratgeber-immobilienwissen\/geg-enev-eneg-und-eewaermeg\/","og_locale":"de_DE","og_type":"article","og_title":"GROBLER - GEG, EnEV, EnEG und EEW\u00e4rmeG - Geb\u00e4udeenergiegesetz","og_description":"Eine Bestandsaufnahme zum neuen Geb\u00e4udeenergiegesetz (GEG). Kurzer Abriss zur aktuellen Gesetzeslage. GEG vs. EnEV, EnEG und EEW\u00e4rmeG.","og_url":"https:\/\/nielsgrobler.de\/index.php\/kostenloser-ratgeber-immobilienwissen\/geg-enev-eneg-und-eewaermeg\/","og_site_name":"GROBLER","article_publisher":"https:\/\/www.facebook.com\/niels.grobler","article_modified_time":"2021-03-31T20:27:32+00:00","og_image":[{"url":"https:\/\/nielsgrobler.de\/wp-content\/uploads\/2021\/03\/Energieausweis_bearbeitet-300x162.jpg"}],"twitter_card":"summary_large_image","twitter_misc":{"Gesch\u00e4tzte Lesezeit":"1\u00a0Minute"},"schema":{"@context":"https:\/\/schema.org","@graph":[{"@type":"WebPage","@id":"https:\/\/nielsgrobler.de\/index.php\/kostenloser-ratgeber-immobilienwissen\/geg-enev-eneg-und-eewaermeg\/","url":"https:\/\/nielsgrobler.de\/index.php\/kostenloser-ratgeber-immobilienwissen\/geg-enev-eneg-und-eewaermeg\/","name":"GROBLER - GEG, EnEV, EnEG und EEW\u00e4rmeG - Geb\u00e4udeenergiegesetz","isPartOf":{"@id":"https:\/\/nielsgrobler.de\/#website"},"primaryImageOfPage":{"@id":"https:\/\/nielsgrobler.de\/index.php\/kostenloser-ratgeber-immobilienwissen\/geg-enev-eneg-und-eewaermeg\/#primaryimage"},"image":{"@id":"https:\/\/nielsgrobler.de\/index.php\/kostenloser-ratgeber-immobilienwissen\/geg-enev-eneg-und-eewaermeg\/#primaryimage"},"thumbnailUrl":"https:\/\/nielsgrobler.de\/wp-content\/uploads\/2021\/03\/Energieausweis_bearbeitet-300x162.jpg","datePublished":"2021-03-30T13:41:46+00:00","dateModified":"2021-03-31T20:27:32+00:00","description":"Eine Bestandsaufnahme zum neuen Geb\u00e4udeenergiegesetz (GEG). Kurzer Abriss zur aktuellen Gesetzeslage. GEG vs. EnEV, EnEG und EEW\u00e4rmeG.","breadcrumb":{"@id":"https:\/\/nielsgrobler.de\/index.php\/kostenloser-ratgeber-immobilienwissen\/geg-enev-eneg-und-eewaermeg\/#breadcrumb"},"inLanguage":"de","potentialAction":[{"@type":"ReadAction","target":["https:\/\/nielsgrobler.de\/index.php\/kostenloser-ratgeber-immobilienwissen\/geg-enev-eneg-und-eewaermeg\/"]}]},{"@type":"ImageObject","inLanguage":"de","@id":"https:\/\/nielsgrobler.de\/index.php\/kostenloser-ratgeber-immobilienwissen\/geg-enev-eneg-und-eewaermeg\/#primaryimage","url":"https:\/\/nielsgrobler.de\/wp-content\/uploads\/2021\/03\/Energieausweis_bearbeitet.jpg","contentUrl":"https:\/\/nielsgrobler.de\/wp-content\/uploads\/2021\/03\/Energieausweis_bearbeitet.jpg","width":644,"height":348},{"@type":"BreadcrumbList","@id":"https:\/\/nielsgrobler.de\/index.php\/kostenloser-ratgeber-immobilienwissen\/geg-enev-eneg-und-eewaermeg\/#breadcrumb","itemListElement":[{"@type":"ListItem","position":1,"name":"Startseite","item":"https:\/\/nielsgrobler.de\/"},{"@type":"ListItem","position":2,"name":"Immobilienratgeber","item":"https:\/\/nielsgrobler.de\/index.php\/kostenloser-ratgeber-immobilienwissen\/"},{"@type":"ListItem","position":3,"name":"GEG, EnEV, EnEG und EEW\u00e4rmeG"}]},{"@type":"WebSite","@id":"https:\/\/nielsgrobler.de\/#website","url":"https:\/\/nielsgrobler.de\/","name":"GROBLER","description":"Willkommen auf nielsgrobler.de","publisher":{"@id":"https:\/\/nielsgrobler.de\/#\/schema\/person\/b5b55f5c6660ed9489d68b1a61e8b5e3"},"potentialAction":[{"@type":"SearchAction","target":{"@type":"EntryPoint","urlTemplate":"https:\/\/nielsgrobler.de\/?s={search_term_string}"},"query-input":"required name=search_term_string"}],"inLanguage":"de"},{"@type":["Person","Organization"],"@id":"https:\/\/nielsgrobler.de\/#\/schema\/person\/b5b55f5c6660ed9489d68b1a61e8b5e3","name":"Niels Grobler","image":{"@type":"ImageObject","inLanguage":"de","@id":"https:\/\/nielsgrobler.de\/#\/schema\/person\/image\/","url":"https:\/\/nielsgrobler.de\/wp-content\/uploads\/2021\/03\/niels-grobler-foto.1024x1024-gespiegelt.jpg","contentUrl":"https:\/\/nielsgrobler.de\/wp-content\/uploads\/2021\/03\/niels-grobler-foto.1024x1024-gespiegelt.jpg","width":1024,"height":1024,"caption":"Niels Grobler"},"logo":{"@id":"https:\/\/nielsgrobler.de\/#\/schema\/person\/image\/"},"description":"Mensch, Vater, Ehemann, Immobilienvermittler (IHK) - f\u00fcr die Postbank Immobilien GmbH - unser B\u00fcro befindet sich im Sachsentor 24, 21029 Hamburg-Bergedorf. Ich bin Gebietsleiter f\u00fcr Reinbek und Wentorf.","sameAs":["https:\/\/nielsgrobler.de","https:\/\/www.facebook.com\/niels.grobler","https:\/\/www.instagram.com\/niels_grobler\/","https:\/\/www.linkedin.com\/in\/niels-grobler-2b1b411b4\/"]}]}},"_links":{"self":[{"href":"https:\/\/nielsgrobler.de\/index.php\/wp-json\/wp\/v2\/pages\/101"}],"collection":[{"href":"https:\/\/nielsgrobler.de\/index.php\/wp-json\/wp\/v2\/pages"}],"about":[{"href":"https:\/\/nielsgrobler.de\/index.php\/wp-json\/wp\/v2\/types\/page"}],"author":[{"embeddable":true,"href":"https:\/\/nielsgrobler.de\/index.php\/wp-json\/wp\/v2\/users\/1"}],"replies":[{"embeddable":true,"href":"https:\/\/nielsgrobler.de\/index.php\/wp-json\/wp\/v2\/comments?post=101"}],"version-history":[{"count":17,"href":"https:\/\/nielsgrobler.de\/index.php\/wp-json\/wp\/v2\/pages\/101\/revisions"}],"predecessor-version":[{"id":164,"href":"https:\/\/nielsgrobler.de\/index.php\/wp-json\/wp\/v2\/pages\/101\/revisions\/164"}],"up":[{"embeddable":true,"href":"https:\/\/nielsgrobler.de\/index.php\/wp-json\/wp\/v2\/pages\/93"}],"wp:attachment":[{"href":"https:\/\/nielsgrobler.de\/index.php\/wp-json\/wp\/v2\/media?parent=101"}],"curies":[{"name":"wp","href":"https:\/\/api.w.org\/{rel}","templated":true}]}}