{"id":151,"date":"2021-03-31T11:48:16","date_gmt":"2021-03-31T11:48:16","guid":{"rendered":"https:\/\/nielsgrobler.de\/?page_id=151"},"modified":"2021-04-13T14:37:03","modified_gmt":"2021-04-13T14:37:03","slug":"beleihungswert","status":"publish","type":"page","link":"https:\/\/nielsgrobler.de\/index.php\/kostenloser-ratgeber-immobilienwissen\/beleihungswert\/","title":{"rendered":"Beleihungswert"},"content":{"rendered":"<p><img loading=\"lazy\" decoding=\"async\" class=\"alignnone wp-image-152\" src=\"https:\/\/nielsgrobler.de\/wp-content\/uploads\/2021\/03\/pexels-pixabay-209224-scaled-e1617191434391-300x151.jpg\" alt=\"Symbolbild: Beleihungswert\" width=\"809\" height=\"407\" srcset=\"https:\/\/nielsgrobler.de\/wp-content\/uploads\/2021\/03\/pexels-pixabay-209224-scaled-e1617191434391-300x151.jpg 300w, https:\/\/nielsgrobler.de\/wp-content\/uploads\/2021\/03\/pexels-pixabay-209224-scaled-e1617191434391-1024x514.jpg 1024w, https:\/\/nielsgrobler.de\/wp-content\/uploads\/2021\/03\/pexels-pixabay-209224-scaled-e1617191434391-768x386.jpg 768w, https:\/\/nielsgrobler.de\/wp-content\/uploads\/2021\/03\/pexels-pixabay-209224-scaled-e1617191434391-1536x772.jpg 1536w, https:\/\/nielsgrobler.de\/wp-content\/uploads\/2021\/03\/pexels-pixabay-209224-scaled-e1617191434391-2048x1029.jpg 2048w\" sizes=\"(max-width: 809px) 100vw, 809px\" \/><\/p>\n<p><span style=\"font-size: 16px;\">Der Beleihungswert ist die Obergrenze bis zu der Kreditinstitute Darlehen gew\u00e4hren und stellt im Bankwesen den Wert einer Kreditsicherheit dar.<\/span><\/p>\n<p>Die H\u00f6he des Beleihungswertes ist abh\u00e4ngig von internen Vorschriften der unterschiedlichen Banken und Gutachten.[1]<\/p>\n<h5>Beleihungswert ist nicht Marktwert<\/h5>\n<p>Der Marktwert ist der aktuelle Zeitwert einer Immobilie. Der Beleihungswert hingegen ist der Wert, von dem mit gro\u00dfer Wahrscheinlichkeit erwartet wird, dass er sich &#8222;langfristig und zu jedem beliebigen Zeitpunkt&#8220; &#8211; durch einen Verkauf &#8211; realisieren l\u00e4sst.[1]<\/p>\n<h5>Der besondere Kniff<\/h5>\n<p>Der Unterschied zwischen Marktwert und Beleihungswert ist bares Geld wert. Wenn Sie eine Immobilie erwerben, deren Beleihungswert &#8211; laut Bank &#8211; geringer ist als der Marktwert, m\u00fcssen Sie die Differenz aus eigenen Mitteln oder einem Kredit finanzieren. Entscheiden Sie sich f\u00fcr die Variante <strong><em>&#8222;Kredit&#8220;<\/em><\/strong>, hat dies einen gro\u00dfen Einfluss auf die H\u00f6he Ihres monatlichen Kapitaldienst.<\/p>\n<h5>Finanzierungs-Zertifikate<\/h5>\n<p>Einige Banken oder Finanzierer bieten Finanzierungszertifikate an. Diese Zertifikate beziehen sich oft auf Ihre eigene Kreditw\u00fcrdigkeit und den Beleihungswert einer &#8211; m\u00f6glichen &#8211; Immobilie, die Sie sich maximal leisten k\u00f6nnen. Das Problem, der Unterschied zwischen Markt- und Beleihungswert, stellt sich f\u00fcr Sie also oft trotzdem noch.<\/p>\n<p>Allerdings unterscheiden Sie sich mit einem solchen Zertifikat von unvorbereiteten Kaufinteressenten. Eigent\u00fcmer und Makler ziehen oftmals Kunden mit Zertifikat vor.<\/p>\n<hr \/>\n<p><em><strong>Bitte beachten Sie, ein Immobilienratgeber wie dieser kann keine Beratung durch einen Experten ersetzen. Der Ratgeber soll Ihnen nur Orientierung in einem sich st\u00e4ndig ver\u00e4ndernden Markt bieten.<\/strong><\/em><\/p>\n<hr \/>\n<p><strong>Quellen:<\/strong><\/p>\n<ol>\n<li><a href=\"https:\/\/de.wikipedia.org\/wiki\/Beleihungswert\">https:\/\/de.wikipedia.org<\/a><\/li>\n<\/ol>\n<p>(Letzte Aktualisierung: 31.3.2021 ) Der Artikel dient lediglich der Orientierung und erhebt keinen Anspruch auf Vollst\u00e4ndigkeit. Diese Seite ist Teil des <a href=\"https:\/\/nielsgrobler.de\/index.php\/kostenloser-ratgeber-immobilienwissen\/\">Immobilien-Ratgebers<\/a>.<\/p>\n<p>&nbsp;<\/p>\n","protected":false},"excerpt":{"rendered":"<p>Der Beleihungswert ist die Obergrenze bis zu der Kreditinstitute Darlehen gew\u00e4hren und stellt im Bankwesen den Wert einer Kreditsicherheit dar. Die H\u00f6he des Beleihungswertes ist abh\u00e4ngig von internen Vorschriften der unterschiedlichen Banken und Gutachten.[1] Beleihungswert ist nicht Marktwert Der Marktwert ist der aktuelle Zeitwert einer Immobilie. Der Beleihungswert hingegen ist der Wert, von dem mit [&hellip;]<\/p>\n","protected":false},"author":1,"featured_media":0,"parent":93,"menu_order":0,"comment_status":"closed","ping_status":"closed","template":"","meta":{"site-sidebar-layout":"default","site-content-layout":"default","ast-site-content-layout":"","site-content-style":"default","site-sidebar-style":"default","ast-global-header-display":"","ast-banner-title-visibility":"","ast-main-header-display":"","ast-hfb-above-header-display":"","ast-hfb-below-header-display":"","ast-hfb-mobile-header-display":"","site-post-title":"","ast-breadcrumbs-content":"","ast-featured-img":"","footer-sml-layout":"","theme-transparent-header-meta":"default","adv-header-id-meta":"","stick-header-meta":"","header-above-stick-meta":"","header-main-stick-meta":"","header-below-stick-meta":"","astra-migrate-meta-layouts":"default","ast-page-background-enabled":"default","ast-page-background-meta":{"desktop":{"background-color":"","background-image":"","background-repeat":"repeat","background-position":"center center","background-size":"auto","background-attachment":"scroll","background-type":"","background-media":"","overlay-type":"","overlay-color":"","overlay-opacity":"","overlay-gradient":""},"tablet":{"background-color":"","background-image":"","background-repeat":"repeat","background-position":"center center","background-size":"auto","background-attachment":"scroll","background-type":"","background-media":"","overlay-type":"","overlay-color":"","overlay-opacity":"","overlay-gradient":""},"mobile":{"background-color":"","background-image":"","background-repeat":"repeat","background-position":"center center","background-size":"auto","background-attachment":"scroll","background-type":"","background-media":"","overlay-type":"","overlay-color":"","overlay-opacity":"","overlay-gradient":""}},"ast-content-background-meta":{"desktop":{"background-color":"var(--ast-global-color-5)","background-image":"","background-repeat":"repeat","background-position":"center center","background-size":"auto","background-attachment":"scroll","background-type":"","background-media":"","overlay-type":"","overlay-color":"","overlay-opacity":"","overlay-gradient":""},"tablet":{"background-color":"var(--ast-global-color-5)","background-image":"","background-repeat":"repeat","background-position":"center center","background-size":"auto","background-attachment":"scroll","background-type":"","background-media":"","overlay-type":"","overlay-color":"","overlay-opacity":"","overlay-gradient":""},"mobile":{"background-color":"var(--ast-global-color-5)","background-image":"","background-repeat":"repeat","background-position":"center center","background-size":"auto","background-attachment":"scroll","background-type":"","background-media":"","overlay-type":"","overlay-color":"","overlay-opacity":"","overlay-gradient":""}},"footnotes":""},"yoast_head":"<!-- This site is optimized with the Yoast SEO plugin v23.0 - https:\/\/yoast.com\/wordpress\/plugins\/seo\/ -->\n<title>GROBLER - Beleihungswert<\/title>\n<meta name=\"description\" content=\"Die absolute Obergrenze f\u00fcr die Beleihung von Immobilien durch Kreditinstitute. Der besondere Kniff zwischen Marktwert und Beleihungswert.\" \/>\n<meta name=\"robots\" content=\"index, follow, max-snippet:-1, max-image-preview:large, max-video-preview:-1\" \/>\n<link rel=\"canonical\" href=\"https:\/\/nielsgrobler.de\/index.php\/kostenloser-ratgeber-immobilienwissen\/beleihungswert\/\" \/>\n<meta property=\"og:locale\" content=\"de_DE\" \/>\n<meta property=\"og:type\" content=\"article\" \/>\n<meta property=\"og:title\" content=\"GROBLER - Beleihungswert\" \/>\n<meta property=\"og:description\" content=\"Die absolute Obergrenze f\u00fcr die Beleihung von Immobilien durch Kreditinstitute. Der besondere Kniff zwischen Marktwert und Beleihungswert.\" \/>\n<meta property=\"og:url\" content=\"https:\/\/nielsgrobler.de\/index.php\/kostenloser-ratgeber-immobilienwissen\/beleihungswert\/\" \/>\n<meta property=\"og:site_name\" content=\"GROBLER\" \/>\n<meta property=\"article:publisher\" content=\"https:\/\/www.facebook.com\/niels.grobler\" \/>\n<meta property=\"article:modified_time\" content=\"2021-04-13T14:37:03+00:00\" \/>\n<meta property=\"og:image\" content=\"https:\/\/nielsgrobler.de\/wp-content\/uploads\/2021\/03\/pexels-pixabay-209224-scaled-e1617191434391-300x151.jpg\" \/>\n<meta name=\"twitter:card\" content=\"summary_large_image\" \/>\n<meta name=\"twitter:label1\" content=\"Gesch\u00e4tzte Lesezeit\" \/>\n\t<meta name=\"twitter:data1\" content=\"2\u00a0Minuten\" \/>\n<script type=\"application\/ld+json\" class=\"yoast-schema-graph\">{\"@context\":\"https:\/\/schema.org\",\"@graph\":[{\"@type\":\"WebPage\",\"@id\":\"https:\/\/nielsgrobler.de\/index.php\/kostenloser-ratgeber-immobilienwissen\/beleihungswert\/\",\"url\":\"https:\/\/nielsgrobler.de\/index.php\/kostenloser-ratgeber-immobilienwissen\/beleihungswert\/\",\"name\":\"GROBLER - Beleihungswert\",\"isPartOf\":{\"@id\":\"https:\/\/nielsgrobler.de\/#website\"},\"primaryImageOfPage\":{\"@id\":\"https:\/\/nielsgrobler.de\/index.php\/kostenloser-ratgeber-immobilienwissen\/beleihungswert\/#primaryimage\"},\"image\":{\"@id\":\"https:\/\/nielsgrobler.de\/index.php\/kostenloser-ratgeber-immobilienwissen\/beleihungswert\/#primaryimage\"},\"thumbnailUrl\":\"https:\/\/nielsgrobler.de\/wp-content\/uploads\/2021\/03\/pexels-pixabay-209224-scaled-e1617191434391-300x151.jpg\",\"datePublished\":\"2021-03-31T11:48:16+00:00\",\"dateModified\":\"2021-04-13T14:37:03+00:00\",\"description\":\"Die absolute Obergrenze f\u00fcr die Beleihung von Immobilien durch Kreditinstitute. Der besondere Kniff zwischen Marktwert und Beleihungswert.\",\"breadcrumb\":{\"@id\":\"https:\/\/nielsgrobler.de\/index.php\/kostenloser-ratgeber-immobilienwissen\/beleihungswert\/#breadcrumb\"},\"inLanguage\":\"de\",\"potentialAction\":[{\"@type\":\"ReadAction\",\"target\":[\"https:\/\/nielsgrobler.de\/index.php\/kostenloser-ratgeber-immobilienwissen\/beleihungswert\/\"]}]},{\"@type\":\"ImageObject\",\"inLanguage\":\"de\",\"@id\":\"https:\/\/nielsgrobler.de\/index.php\/kostenloser-ratgeber-immobilienwissen\/beleihungswert\/#primaryimage\",\"url\":\"https:\/\/nielsgrobler.de\/wp-content\/uploads\/2021\/03\/pexels-pixabay-209224-scaled-e1617191434391.jpg\",\"contentUrl\":\"https:\/\/nielsgrobler.de\/wp-content\/uploads\/2021\/03\/pexels-pixabay-209224-scaled-e1617191434391.jpg\",\"width\":2560,\"height\":1286,\"caption\":\"Symbolbild: Beleihungswert\"},{\"@type\":\"BreadcrumbList\",\"@id\":\"https:\/\/nielsgrobler.de\/index.php\/kostenloser-ratgeber-immobilienwissen\/beleihungswert\/#breadcrumb\",\"itemListElement\":[{\"@type\":\"ListItem\",\"position\":1,\"name\":\"Startseite\",\"item\":\"https:\/\/nielsgrobler.de\/\"},{\"@type\":\"ListItem\",\"position\":2,\"name\":\"Immobilienratgeber\",\"item\":\"https:\/\/nielsgrobler.de\/index.php\/kostenloser-ratgeber-immobilienwissen\/\"},{\"@type\":\"ListItem\",\"position\":3,\"name\":\"Beleihungswert\"}]},{\"@type\":\"WebSite\",\"@id\":\"https:\/\/nielsgrobler.de\/#website\",\"url\":\"https:\/\/nielsgrobler.de\/\",\"name\":\"GROBLER\",\"description\":\"Willkommen auf nielsgrobler.de\",\"publisher\":{\"@id\":\"https:\/\/nielsgrobler.de\/#\/schema\/person\/b5b55f5c6660ed9489d68b1a61e8b5e3\"},\"potentialAction\":[{\"@type\":\"SearchAction\",\"target\":{\"@type\":\"EntryPoint\",\"urlTemplate\":\"https:\/\/nielsgrobler.de\/?s={search_term_string}\"},\"query-input\":\"required name=search_term_string\"}],\"inLanguage\":\"de\"},{\"@type\":[\"Person\",\"Organization\"],\"@id\":\"https:\/\/nielsgrobler.de\/#\/schema\/person\/b5b55f5c6660ed9489d68b1a61e8b5e3\",\"name\":\"Niels Grobler\",\"image\":{\"@type\":\"ImageObject\",\"inLanguage\":\"de\",\"@id\":\"https:\/\/nielsgrobler.de\/#\/schema\/person\/image\/\",\"url\":\"https:\/\/nielsgrobler.de\/wp-content\/uploads\/2021\/03\/niels-grobler-foto.1024x1024-gespiegelt.jpg\",\"contentUrl\":\"https:\/\/nielsgrobler.de\/wp-content\/uploads\/2021\/03\/niels-grobler-foto.1024x1024-gespiegelt.jpg\",\"width\":1024,\"height\":1024,\"caption\":\"Niels Grobler\"},\"logo\":{\"@id\":\"https:\/\/nielsgrobler.de\/#\/schema\/person\/image\/\"},\"description\":\"Mensch, Vater, Ehemann, Immobilienvermittler (IHK) - f\u00fcr die Postbank Immobilien GmbH - unser B\u00fcro befindet sich im Sachsentor 24, 21029 Hamburg-Bergedorf. Ich bin Gebietsleiter f\u00fcr Reinbek und Wentorf.\",\"sameAs\":[\"https:\/\/nielsgrobler.de\",\"https:\/\/www.facebook.com\/niels.grobler\",\"https:\/\/www.instagram.com\/niels_grobler\/\",\"https:\/\/www.linkedin.com\/in\/niels-grobler-2b1b411b4\/\"]}]}<\/script>\n<!-- \/ Yoast SEO plugin. -->","yoast_head_json":{"title":"GROBLER - Beleihungswert","description":"Die absolute Obergrenze f\u00fcr die Beleihung von Immobilien durch Kreditinstitute. Der besondere Kniff zwischen Marktwert und Beleihungswert.","robots":{"index":"index","follow":"follow","max-snippet":"max-snippet:-1","max-image-preview":"max-image-preview:large","max-video-preview":"max-video-preview:-1"},"canonical":"https:\/\/nielsgrobler.de\/index.php\/kostenloser-ratgeber-immobilienwissen\/beleihungswert\/","og_locale":"de_DE","og_type":"article","og_title":"GROBLER - Beleihungswert","og_description":"Die absolute Obergrenze f\u00fcr die Beleihung von Immobilien durch Kreditinstitute. Der besondere Kniff zwischen Marktwert und Beleihungswert.","og_url":"https:\/\/nielsgrobler.de\/index.php\/kostenloser-ratgeber-immobilienwissen\/beleihungswert\/","og_site_name":"GROBLER","article_publisher":"https:\/\/www.facebook.com\/niels.grobler","article_modified_time":"2021-04-13T14:37:03+00:00","og_image":[{"url":"https:\/\/nielsgrobler.de\/wp-content\/uploads\/2021\/03\/pexels-pixabay-209224-scaled-e1617191434391-300x151.jpg"}],"twitter_card":"summary_large_image","twitter_misc":{"Gesch\u00e4tzte Lesezeit":"2\u00a0Minuten"},"schema":{"@context":"https:\/\/schema.org","@graph":[{"@type":"WebPage","@id":"https:\/\/nielsgrobler.de\/index.php\/kostenloser-ratgeber-immobilienwissen\/beleihungswert\/","url":"https:\/\/nielsgrobler.de\/index.php\/kostenloser-ratgeber-immobilienwissen\/beleihungswert\/","name":"GROBLER - Beleihungswert","isPartOf":{"@id":"https:\/\/nielsgrobler.de\/#website"},"primaryImageOfPage":{"@id":"https:\/\/nielsgrobler.de\/index.php\/kostenloser-ratgeber-immobilienwissen\/beleihungswert\/#primaryimage"},"image":{"@id":"https:\/\/nielsgrobler.de\/index.php\/kostenloser-ratgeber-immobilienwissen\/beleihungswert\/#primaryimage"},"thumbnailUrl":"https:\/\/nielsgrobler.de\/wp-content\/uploads\/2021\/03\/pexels-pixabay-209224-scaled-e1617191434391-300x151.jpg","datePublished":"2021-03-31T11:48:16+00:00","dateModified":"2021-04-13T14:37:03+00:00","description":"Die absolute Obergrenze f\u00fcr die Beleihung von Immobilien durch Kreditinstitute. Der besondere Kniff zwischen Marktwert und Beleihungswert.","breadcrumb":{"@id":"https:\/\/nielsgrobler.de\/index.php\/kostenloser-ratgeber-immobilienwissen\/beleihungswert\/#breadcrumb"},"inLanguage":"de","potentialAction":[{"@type":"ReadAction","target":["https:\/\/nielsgrobler.de\/index.php\/kostenloser-ratgeber-immobilienwissen\/beleihungswert\/"]}]},{"@type":"ImageObject","inLanguage":"de","@id":"https:\/\/nielsgrobler.de\/index.php\/kostenloser-ratgeber-immobilienwissen\/beleihungswert\/#primaryimage","url":"https:\/\/nielsgrobler.de\/wp-content\/uploads\/2021\/03\/pexels-pixabay-209224-scaled-e1617191434391.jpg","contentUrl":"https:\/\/nielsgrobler.de\/wp-content\/uploads\/2021\/03\/pexels-pixabay-209224-scaled-e1617191434391.jpg","width":2560,"height":1286,"caption":"Symbolbild: Beleihungswert"},{"@type":"BreadcrumbList","@id":"https:\/\/nielsgrobler.de\/index.php\/kostenloser-ratgeber-immobilienwissen\/beleihungswert\/#breadcrumb","itemListElement":[{"@type":"ListItem","position":1,"name":"Startseite","item":"https:\/\/nielsgrobler.de\/"},{"@type":"ListItem","position":2,"name":"Immobilienratgeber","item":"https:\/\/nielsgrobler.de\/index.php\/kostenloser-ratgeber-immobilienwissen\/"},{"@type":"ListItem","position":3,"name":"Beleihungswert"}]},{"@type":"WebSite","@id":"https:\/\/nielsgrobler.de\/#website","url":"https:\/\/nielsgrobler.de\/","name":"GROBLER","description":"Willkommen auf nielsgrobler.de","publisher":{"@id":"https:\/\/nielsgrobler.de\/#\/schema\/person\/b5b55f5c6660ed9489d68b1a61e8b5e3"},"potentialAction":[{"@type":"SearchAction","target":{"@type":"EntryPoint","urlTemplate":"https:\/\/nielsgrobler.de\/?s={search_term_string}"},"query-input":"required name=search_term_string"}],"inLanguage":"de"},{"@type":["Person","Organization"],"@id":"https:\/\/nielsgrobler.de\/#\/schema\/person\/b5b55f5c6660ed9489d68b1a61e8b5e3","name":"Niels Grobler","image":{"@type":"ImageObject","inLanguage":"de","@id":"https:\/\/nielsgrobler.de\/#\/schema\/person\/image\/","url":"https:\/\/nielsgrobler.de\/wp-content\/uploads\/2021\/03\/niels-grobler-foto.1024x1024-gespiegelt.jpg","contentUrl":"https:\/\/nielsgrobler.de\/wp-content\/uploads\/2021\/03\/niels-grobler-foto.1024x1024-gespiegelt.jpg","width":1024,"height":1024,"caption":"Niels Grobler"},"logo":{"@id":"https:\/\/nielsgrobler.de\/#\/schema\/person\/image\/"},"description":"Mensch, Vater, Ehemann, Immobilienvermittler (IHK) - f\u00fcr die Postbank Immobilien GmbH - unser B\u00fcro befindet sich im Sachsentor 24, 21029 Hamburg-Bergedorf. Ich bin Gebietsleiter f\u00fcr Reinbek und Wentorf.","sameAs":["https:\/\/nielsgrobler.de","https:\/\/www.facebook.com\/niels.grobler","https:\/\/www.instagram.com\/niels_grobler\/","https:\/\/www.linkedin.com\/in\/niels-grobler-2b1b411b4\/"]}]}},"_links":{"self":[{"href":"https:\/\/nielsgrobler.de\/index.php\/wp-json\/wp\/v2\/pages\/151"}],"collection":[{"href":"https:\/\/nielsgrobler.de\/index.php\/wp-json\/wp\/v2\/pages"}],"about":[{"href":"https:\/\/nielsgrobler.de\/index.php\/wp-json\/wp\/v2\/types\/page"}],"author":[{"embeddable":true,"href":"https:\/\/nielsgrobler.de\/index.php\/wp-json\/wp\/v2\/users\/1"}],"replies":[{"embeddable":true,"href":"https:\/\/nielsgrobler.de\/index.php\/wp-json\/wp\/v2\/comments?post=151"}],"version-history":[{"count":17,"href":"https:\/\/nielsgrobler.de\/index.php\/wp-json\/wp\/v2\/pages\/151\/revisions"}],"predecessor-version":[{"id":218,"href":"https:\/\/nielsgrobler.de\/index.php\/wp-json\/wp\/v2\/pages\/151\/revisions\/218"}],"up":[{"embeddable":true,"href":"https:\/\/nielsgrobler.de\/index.php\/wp-json\/wp\/v2\/pages\/93"}],"wp:attachment":[{"href":"https:\/\/nielsgrobler.de\/index.php\/wp-json\/wp\/v2\/media?parent=151"}],"curies":[{"name":"wp","href":"https:\/\/api.w.org\/{rel}","templated":true}]}}