{"id":173,"date":"2021-04-07T12:05:35","date_gmt":"2021-04-07T12:05:35","guid":{"rendered":"https:\/\/nielsgrobler.de\/?page_id=173"},"modified":"2021-04-13T14:33:35","modified_gmt":"2021-04-13T14:33:35","slug":"das-wohnrecht","status":"publish","type":"page","link":"https:\/\/nielsgrobler.de\/index.php\/kostenloser-ratgeber-immobilienwissen\/das-wohnrecht\/","title":{"rendered":"Wohnrecht"},"content":{"rendered":"<figure id=\"attachment_177\" aria-describedby=\"caption-attachment-177\" style=\"width: 848px\" class=\"wp-caption alignnone\"><img loading=\"lazy\" decoding=\"async\" class=\"wp-image-177\" title=\"Symbolbild Wohnrecht\" src=\"https:\/\/nielsgrobler.de\/wp-content\/uploads\/2021\/04\/pexels-sora-shimazaki-5668473-1-scaled-e1617797479587-300x144.jpg\" alt=\"Symbolbild Recht\" width=\"848\" height=\"407\" srcset=\"https:\/\/nielsgrobler.de\/wp-content\/uploads\/2021\/04\/pexels-sora-shimazaki-5668473-1-scaled-e1617797479587-300x144.jpg 300w, https:\/\/nielsgrobler.de\/wp-content\/uploads\/2021\/04\/pexels-sora-shimazaki-5668473-1-scaled-e1617797479587-1024x491.jpg 1024w, https:\/\/nielsgrobler.de\/wp-content\/uploads\/2021\/04\/pexels-sora-shimazaki-5668473-1-scaled-e1617797479587-768x368.jpg 768w, https:\/\/nielsgrobler.de\/wp-content\/uploads\/2021\/04\/pexels-sora-shimazaki-5668473-1-scaled-e1617797479587-1536x737.jpg 1536w, https:\/\/nielsgrobler.de\/wp-content\/uploads\/2021\/04\/pexels-sora-shimazaki-5668473-1-scaled-e1617797479587-2048x982.jpg 2048w\" sizes=\"(max-width: 848px) 100vw, 848px\" \/><figcaption id=\"caption-attachment-177\" class=\"wp-caption-text\">Symbolbild &#8211; Recht<\/figcaption><\/figure>\n<h5 id=\"unterschiede\">In K\u00fcrze &#8211; Wohnrecht und Nie\u00dfbrauch<\/h5>\n<p>Beide <strong>Rechte <\/strong>&#8211;\u00a0sind <strong>Nutzungsrechte<\/strong> an einer Immobilie.<\/p>\n<p>Das <strong>Wohnrecht<\/strong> beinhaltet <em><strong>&#8222;nur&#8220;<\/strong><\/em> das Recht eine Immobilie<strong>\u00a0pers\u00f6nlich zu bewohnen.<\/strong><\/p>\n<blockquote><p><strong>FAQ &#8211; Wohnrecht <\/strong>(Artikel folgt in K\u00fcrze)<\/p><\/blockquote>\n<p>Das <strong>Nie\u00dfbrauchrecht<\/strong> geht dar\u00fcber\u00a0hinaus. Es gew\u00e4hrt die <em>Nutzungen aus dem Objekt zu ziehen<\/em>. Es ist das unver\u00e4u\u00dferliche\u00a0und\u00a0unvererbliche\u00a0<strong><em>absolute<\/em> Recht, eine Immobilie\u00a0zu\u00a0nutzen.<\/strong><\/p>\n<h5 id=\"wohnrecht\">Wohnrecht, was ist das?<\/h5>\n<p>Das Wohnrecht ist in der Sprache des B\u00fcrgerlichen Gesetzbuches eine &#8222;beschr\u00e4nkt-pers\u00f6nliche Dienstbarkeit&#8220; und steht <em>einer oder mehreren Personen<\/em> zu. Durch dieses ist der Rechtsinhaber an der <strong>pers\u00f6nlichen Nutzung der Wohnung<\/strong> und der Mitbenutzung aller dem gemeinschaftlichen Gebrauch dienenden Anlagen und Einrichtungen der Immobilie (\u00a7 1093 BGB) berechtigt. Ein Wohnrecht <strong>kann \u00fcber Teile oder die ganze Immobilie<\/strong> bestellt werden.<\/p>\n<p>Ein <strong>Wohnrecht<\/strong> kann nicht zugunsten des jeweiligen Eigent\u00fcmers\u00a0eines anderen\u00a0Grundst\u00fccks bestellt werden. Ansonsten w\u00e4re es eine Grunddienstbarkeit.<\/p>\n<h5>Im Grundbuch<\/h5>\n<p>Um ein <strong>Wohnrecht<\/strong> m\u00f6glichst rechtssicher zu gew\u00e4hren, muss es im Grundbuch eingetragen werden. Der Eigent\u00fcmer muss notariell erkl\u00e4ren, dass er dieses einr\u00e4umen m\u00f6chte.<\/p>\n<p>In die Eintragungsbewilligung geh\u00f6ren die <strong>Wohnung<\/strong> und die zur <strong>Nutzung \u00fcberlassenen R\u00e4umlichkeiten. <\/strong><em>Diese m\u00fcssen m\u00f6glichst genau bezeichnet werden<\/em>. Eingetragene Wohnrechte finden sich\u00a0in\u00a0<strong>Abteilung II des Grundbuchs<\/strong>. [1]<\/p>\n<h5>Probleme beim Verkauf<\/h5>\n<p>Wenn eine Immobilie durch deren Eigent\u00fcmer verkauft werden soll sind <strong>Wohnrechte<\/strong> problematisch. Ohne L\u00f6schung werden beim Verkauf Grundbuchbelastungen &#8211; wie das <strong>Wohnrecht<\/strong> &#8211; mit an den neuen Eigent\u00fcmer \u00fcbertragen. Dies ist f\u00fcr einen K\u00e4ufer in der Regel wenig &#8222;schmackhaft&#8220;. Dadurch erweisen sich Verk\u00e4ufe oft als <strong> schwierig bis unm\u00f6glich<\/strong>.<\/p>\n<p>Je nach Immobilie m\u00fcssen sich entweder Verk\u00e4ufer und K\u00e4ufer oder Verk\u00e4ufer und Rechtsinhaber einigen. Hierf\u00fcr wird entweder ein geringerer Angebotspreis herangezogen oder der Inhaber des Rechts verzichtet freiwillig oder gegen Zahlung einer Abfindung auf sein Recht.<\/p>\n<p><strong>Wenn Sie Ihr Haus trotz eingetragenem Wohnrecht verkaufen m\u00f6chten, berate ich Sie gerne kostenlos.\u00a0<\/strong><\/p>\n<p><strong>Telefon: <\/strong>040 \/ 726 960 &#8211; 51\u00a0 <strong>\u22c4<\/strong>\u00a0\u00a0<strong>Mail: <a href=\"mailto:niels.grobler@postbank.de\">niels.grobler@postbank.de<\/a><\/strong><\/p>\n<p>&nbsp;<\/p>\n<hr \/>\n<p><em><strong>Bitte beachten Sie, ein Immobilienratgeber wie dieser kann keine Beratung durch einen Experten ersetzen. Der Ratgeber soll Ihnen nur Orientierung in einem sich st\u00e4ndig ver\u00e4ndernden Markt bieten.<\/strong><\/em><\/p>\n<hr \/>\n<p><strong>Quellen:<\/strong><\/p>\n<ol>\n<li><a href=\"https:\/\/de.wikipedia.org\/wiki\/Wohnrecht\">de.wikipedia.org<\/a><\/li>\n<\/ol>\n<p>(Letzte Aktualisierung: 7.4.2021 ) Der Artikel dient lediglich der Orientierung und erhebt keinen Anspruch auf Vollst\u00e4ndigkeit. Diese Seite ist Teil des <a href=\"https:\/\/nielsgrobler.de\/index.php\/kostenloser-ratgeber-immobilienwissen\/\">Immobilien-Ratgebers<\/a>.<\/p>\n","protected":false},"excerpt":{"rendered":"<p>In K\u00fcrze &#8211; Wohnrecht und Nie\u00dfbrauch Beide Rechte &#8211;\u00a0sind Nutzungsrechte an einer Immobilie. Das Wohnrecht beinhaltet &#8222;nur&#8220; das Recht eine Immobilie\u00a0pers\u00f6nlich zu bewohnen. FAQ &#8211; Wohnrecht (Artikel folgt in K\u00fcrze) Das Nie\u00dfbrauchrecht geht dar\u00fcber\u00a0hinaus. Es gew\u00e4hrt die Nutzungen aus dem Objekt zu ziehen. Es ist das unver\u00e4u\u00dferliche\u00a0und\u00a0unvererbliche\u00a0absolute Recht, eine Immobilie\u00a0zu\u00a0nutzen. Wohnrecht, was ist das? Das [&hellip;]<\/p>\n","protected":false},"author":1,"featured_media":0,"parent":93,"menu_order":0,"comment_status":"closed","ping_status":"closed","template":"","meta":{"site-sidebar-layout":"default","site-content-layout":"default","ast-site-content-layout":"","site-content-style":"default","site-sidebar-style":"default","ast-global-header-display":"","ast-banner-title-visibility":"","ast-main-header-display":"","ast-hfb-above-header-display":"","ast-hfb-below-header-display":"","ast-hfb-mobile-header-display":"","site-post-title":"","ast-breadcrumbs-content":"","ast-featured-img":"","footer-sml-layout":"","theme-transparent-header-meta":"default","adv-header-id-meta":"","stick-header-meta":"","header-above-stick-meta":"","header-main-stick-meta":"","header-below-stick-meta":"","astra-migrate-meta-layouts":"default","ast-page-background-enabled":"default","ast-page-background-meta":{"desktop":{"background-color":"","background-image":"","background-repeat":"repeat","background-position":"center center","background-size":"auto","background-attachment":"scroll","background-type":"","background-media":"","overlay-type":"","overlay-color":"","overlay-opacity":"","overlay-gradient":""},"tablet":{"background-color":"","background-image":"","background-repeat":"repeat","background-position":"center center","background-size":"auto","background-attachment":"scroll","background-type":"","background-media":"","overlay-type":"","overlay-color":"","overlay-opacity":"","overlay-gradient":""},"mobile":{"background-color":"","background-image":"","background-repeat":"repeat","background-position":"center center","background-size":"auto","background-attachment":"scroll","background-type":"","background-media":"","overlay-type":"","overlay-color":"","overlay-opacity":"","overlay-gradient":""}},"ast-content-background-meta":{"desktop":{"background-color":"var(--ast-global-color-5)","background-image":"","background-repeat":"repeat","background-position":"center center","background-size":"auto","background-attachment":"scroll","background-type":"","background-media":"","overlay-type":"","overlay-color":"","overlay-opacity":"","overlay-gradient":""},"tablet":{"background-color":"var(--ast-global-color-5)","background-image":"","background-repeat":"repeat","background-position":"center center","background-size":"auto","background-attachment":"scroll","background-type":"","background-media":"","overlay-type":"","overlay-color":"","overlay-opacity":"","overlay-gradient":""},"mobile":{"background-color":"var(--ast-global-color-5)","background-image":"","background-repeat":"repeat","background-position":"center center","background-size":"auto","background-attachment":"scroll","background-type":"","background-media":"","overlay-type":"","overlay-color":"","overlay-opacity":"","overlay-gradient":""}},"footnotes":""},"yoast_head":"<!-- This site is optimized with the Yoast SEO plugin v23.0 - https:\/\/yoast.com\/wordpress\/plugins\/seo\/ -->\n<title>GROBLER - Immobilien Ratgeber - Das Wohnrecht<\/title>\n<meta name=\"description\" content=\"Was ist ein Wohnrecht? Gibt es dabei Schwierigkeiten beim Verkauf? Was ist der Unterschied zwischen Wohnrecht und Nie\u00dfbrauch?\" \/>\n<meta name=\"robots\" content=\"index, follow, max-snippet:-1, max-image-preview:large, max-video-preview:-1\" \/>\n<link rel=\"canonical\" href=\"https:\/\/nielsgrobler.de\/index.php\/kostenloser-ratgeber-immobilienwissen\/das-wohnrecht\/\" \/>\n<meta property=\"og:locale\" content=\"de_DE\" \/>\n<meta property=\"og:type\" content=\"article\" \/>\n<meta property=\"og:title\" content=\"GROBLER - Immobilien Ratgeber - Das Wohnrecht\" \/>\n<meta property=\"og:description\" content=\"Was ist ein Wohnrecht? Gibt es dabei Schwierigkeiten beim Verkauf? Was ist der Unterschied zwischen Wohnrecht und Nie\u00dfbrauch?\" \/>\n<meta property=\"og:url\" content=\"https:\/\/nielsgrobler.de\/index.php\/kostenloser-ratgeber-immobilienwissen\/das-wohnrecht\/\" \/>\n<meta property=\"og:site_name\" content=\"GROBLER\" \/>\n<meta property=\"article:publisher\" content=\"https:\/\/www.facebook.com\/niels.grobler\" \/>\n<meta property=\"article:modified_time\" content=\"2021-04-13T14:33:35+00:00\" \/>\n<meta property=\"og:image\" content=\"https:\/\/nielsgrobler.de\/wp-content\/uploads\/2021\/04\/pexels-sora-shimazaki-5668473-1-scaled-e1617797479587-300x144.jpg\" \/>\n<meta name=\"twitter:card\" content=\"summary_large_image\" \/>\n<meta name=\"twitter:label1\" content=\"Gesch\u00e4tzte Lesezeit\" \/>\n\t<meta name=\"twitter:data1\" content=\"2\u00a0Minuten\" \/>\n<script type=\"application\/ld+json\" class=\"yoast-schema-graph\">{\"@context\":\"https:\/\/schema.org\",\"@graph\":[{\"@type\":\"WebPage\",\"@id\":\"https:\/\/nielsgrobler.de\/index.php\/kostenloser-ratgeber-immobilienwissen\/das-wohnrecht\/\",\"url\":\"https:\/\/nielsgrobler.de\/index.php\/kostenloser-ratgeber-immobilienwissen\/das-wohnrecht\/\",\"name\":\"GROBLER - Immobilien Ratgeber - Das Wohnrecht\",\"isPartOf\":{\"@id\":\"https:\/\/nielsgrobler.de\/#website\"},\"primaryImageOfPage\":{\"@id\":\"https:\/\/nielsgrobler.de\/index.php\/kostenloser-ratgeber-immobilienwissen\/das-wohnrecht\/#primaryimage\"},\"image\":{\"@id\":\"https:\/\/nielsgrobler.de\/index.php\/kostenloser-ratgeber-immobilienwissen\/das-wohnrecht\/#primaryimage\"},\"thumbnailUrl\":\"https:\/\/nielsgrobler.de\/wp-content\/uploads\/2021\/04\/pexels-sora-shimazaki-5668473-1-scaled-e1617797479587-300x144.jpg\",\"datePublished\":\"2021-04-07T12:05:35+00:00\",\"dateModified\":\"2021-04-13T14:33:35+00:00\",\"description\":\"Was ist ein Wohnrecht? Gibt es dabei Schwierigkeiten beim Verkauf? Was ist der Unterschied zwischen Wohnrecht und Nie\u00dfbrauch?\",\"breadcrumb\":{\"@id\":\"https:\/\/nielsgrobler.de\/index.php\/kostenloser-ratgeber-immobilienwissen\/das-wohnrecht\/#breadcrumb\"},\"inLanguage\":\"de\",\"potentialAction\":[{\"@type\":\"ReadAction\",\"target\":[\"https:\/\/nielsgrobler.de\/index.php\/kostenloser-ratgeber-immobilienwissen\/das-wohnrecht\/\"]}]},{\"@type\":\"ImageObject\",\"inLanguage\":\"de\",\"@id\":\"https:\/\/nielsgrobler.de\/index.php\/kostenloser-ratgeber-immobilienwissen\/das-wohnrecht\/#primaryimage\",\"url\":\"https:\/\/nielsgrobler.de\/wp-content\/uploads\/2021\/04\/pexels-sora-shimazaki-5668473-1-scaled-e1617797479587.jpg\",\"contentUrl\":\"https:\/\/nielsgrobler.de\/wp-content\/uploads\/2021\/04\/pexels-sora-shimazaki-5668473-1-scaled-e1617797479587.jpg\",\"width\":2560,\"height\":1228,\"caption\":\"Symbolbild - Recht\"},{\"@type\":\"BreadcrumbList\",\"@id\":\"https:\/\/nielsgrobler.de\/index.php\/kostenloser-ratgeber-immobilienwissen\/das-wohnrecht\/#breadcrumb\",\"itemListElement\":[{\"@type\":\"ListItem\",\"position\":1,\"name\":\"Startseite\",\"item\":\"https:\/\/nielsgrobler.de\/\"},{\"@type\":\"ListItem\",\"position\":2,\"name\":\"Immobilienratgeber\",\"item\":\"https:\/\/nielsgrobler.de\/index.php\/kostenloser-ratgeber-immobilienwissen\/\"},{\"@type\":\"ListItem\",\"position\":3,\"name\":\"Wohnrecht\"}]},{\"@type\":\"WebSite\",\"@id\":\"https:\/\/nielsgrobler.de\/#website\",\"url\":\"https:\/\/nielsgrobler.de\/\",\"name\":\"GROBLER\",\"description\":\"Willkommen auf nielsgrobler.de\",\"publisher\":{\"@id\":\"https:\/\/nielsgrobler.de\/#\/schema\/person\/b5b55f5c6660ed9489d68b1a61e8b5e3\"},\"potentialAction\":[{\"@type\":\"SearchAction\",\"target\":{\"@type\":\"EntryPoint\",\"urlTemplate\":\"https:\/\/nielsgrobler.de\/?s={search_term_string}\"},\"query-input\":\"required name=search_term_string\"}],\"inLanguage\":\"de\"},{\"@type\":[\"Person\",\"Organization\"],\"@id\":\"https:\/\/nielsgrobler.de\/#\/schema\/person\/b5b55f5c6660ed9489d68b1a61e8b5e3\",\"name\":\"Niels Grobler\",\"image\":{\"@type\":\"ImageObject\",\"inLanguage\":\"de\",\"@id\":\"https:\/\/nielsgrobler.de\/#\/schema\/person\/image\/\",\"url\":\"https:\/\/nielsgrobler.de\/wp-content\/uploads\/2021\/03\/niels-grobler-foto.1024x1024-gespiegelt.jpg\",\"contentUrl\":\"https:\/\/nielsgrobler.de\/wp-content\/uploads\/2021\/03\/niels-grobler-foto.1024x1024-gespiegelt.jpg\",\"width\":1024,\"height\":1024,\"caption\":\"Niels Grobler\"},\"logo\":{\"@id\":\"https:\/\/nielsgrobler.de\/#\/schema\/person\/image\/\"},\"description\":\"Mensch, Vater, Ehemann, Immobilienvermittler (IHK) - f\u00fcr die Postbank Immobilien GmbH - unser B\u00fcro befindet sich im Sachsentor 24, 21029 Hamburg-Bergedorf. Ich bin Gebietsleiter f\u00fcr Reinbek und Wentorf.\",\"sameAs\":[\"https:\/\/nielsgrobler.de\",\"https:\/\/www.facebook.com\/niels.grobler\",\"https:\/\/www.instagram.com\/niels_grobler\/\",\"https:\/\/www.linkedin.com\/in\/niels-grobler-2b1b411b4\/\"]}]}<\/script>\n<!-- \/ Yoast SEO plugin. -->","yoast_head_json":{"title":"GROBLER - Immobilien Ratgeber - Das Wohnrecht","description":"Was ist ein Wohnrecht? Gibt es dabei Schwierigkeiten beim Verkauf? Was ist der Unterschied zwischen Wohnrecht und Nie\u00dfbrauch?","robots":{"index":"index","follow":"follow","max-snippet":"max-snippet:-1","max-image-preview":"max-image-preview:large","max-video-preview":"max-video-preview:-1"},"canonical":"https:\/\/nielsgrobler.de\/index.php\/kostenloser-ratgeber-immobilienwissen\/das-wohnrecht\/","og_locale":"de_DE","og_type":"article","og_title":"GROBLER - Immobilien Ratgeber - Das Wohnrecht","og_description":"Was ist ein Wohnrecht? Gibt es dabei Schwierigkeiten beim Verkauf? Was ist der Unterschied zwischen Wohnrecht und Nie\u00dfbrauch?","og_url":"https:\/\/nielsgrobler.de\/index.php\/kostenloser-ratgeber-immobilienwissen\/das-wohnrecht\/","og_site_name":"GROBLER","article_publisher":"https:\/\/www.facebook.com\/niels.grobler","article_modified_time":"2021-04-13T14:33:35+00:00","og_image":[{"url":"https:\/\/nielsgrobler.de\/wp-content\/uploads\/2021\/04\/pexels-sora-shimazaki-5668473-1-scaled-e1617797479587-300x144.jpg"}],"twitter_card":"summary_large_image","twitter_misc":{"Gesch\u00e4tzte Lesezeit":"2\u00a0Minuten"},"schema":{"@context":"https:\/\/schema.org","@graph":[{"@type":"WebPage","@id":"https:\/\/nielsgrobler.de\/index.php\/kostenloser-ratgeber-immobilienwissen\/das-wohnrecht\/","url":"https:\/\/nielsgrobler.de\/index.php\/kostenloser-ratgeber-immobilienwissen\/das-wohnrecht\/","name":"GROBLER - Immobilien Ratgeber - Das Wohnrecht","isPartOf":{"@id":"https:\/\/nielsgrobler.de\/#website"},"primaryImageOfPage":{"@id":"https:\/\/nielsgrobler.de\/index.php\/kostenloser-ratgeber-immobilienwissen\/das-wohnrecht\/#primaryimage"},"image":{"@id":"https:\/\/nielsgrobler.de\/index.php\/kostenloser-ratgeber-immobilienwissen\/das-wohnrecht\/#primaryimage"},"thumbnailUrl":"https:\/\/nielsgrobler.de\/wp-content\/uploads\/2021\/04\/pexels-sora-shimazaki-5668473-1-scaled-e1617797479587-300x144.jpg","datePublished":"2021-04-07T12:05:35+00:00","dateModified":"2021-04-13T14:33:35+00:00","description":"Was ist ein Wohnrecht? Gibt es dabei Schwierigkeiten beim Verkauf? Was ist der Unterschied zwischen Wohnrecht und Nie\u00dfbrauch?","breadcrumb":{"@id":"https:\/\/nielsgrobler.de\/index.php\/kostenloser-ratgeber-immobilienwissen\/das-wohnrecht\/#breadcrumb"},"inLanguage":"de","potentialAction":[{"@type":"ReadAction","target":["https:\/\/nielsgrobler.de\/index.php\/kostenloser-ratgeber-immobilienwissen\/das-wohnrecht\/"]}]},{"@type":"ImageObject","inLanguage":"de","@id":"https:\/\/nielsgrobler.de\/index.php\/kostenloser-ratgeber-immobilienwissen\/das-wohnrecht\/#primaryimage","url":"https:\/\/nielsgrobler.de\/wp-content\/uploads\/2021\/04\/pexels-sora-shimazaki-5668473-1-scaled-e1617797479587.jpg","contentUrl":"https:\/\/nielsgrobler.de\/wp-content\/uploads\/2021\/04\/pexels-sora-shimazaki-5668473-1-scaled-e1617797479587.jpg","width":2560,"height":1228,"caption":"Symbolbild - Recht"},{"@type":"BreadcrumbList","@id":"https:\/\/nielsgrobler.de\/index.php\/kostenloser-ratgeber-immobilienwissen\/das-wohnrecht\/#breadcrumb","itemListElement":[{"@type":"ListItem","position":1,"name":"Startseite","item":"https:\/\/nielsgrobler.de\/"},{"@type":"ListItem","position":2,"name":"Immobilienratgeber","item":"https:\/\/nielsgrobler.de\/index.php\/kostenloser-ratgeber-immobilienwissen\/"},{"@type":"ListItem","position":3,"name":"Wohnrecht"}]},{"@type":"WebSite","@id":"https:\/\/nielsgrobler.de\/#website","url":"https:\/\/nielsgrobler.de\/","name":"GROBLER","description":"Willkommen auf nielsgrobler.de","publisher":{"@id":"https:\/\/nielsgrobler.de\/#\/schema\/person\/b5b55f5c6660ed9489d68b1a61e8b5e3"},"potentialAction":[{"@type":"SearchAction","target":{"@type":"EntryPoint","urlTemplate":"https:\/\/nielsgrobler.de\/?s={search_term_string}"},"query-input":"required name=search_term_string"}],"inLanguage":"de"},{"@type":["Person","Organization"],"@id":"https:\/\/nielsgrobler.de\/#\/schema\/person\/b5b55f5c6660ed9489d68b1a61e8b5e3","name":"Niels Grobler","image":{"@type":"ImageObject","inLanguage":"de","@id":"https:\/\/nielsgrobler.de\/#\/schema\/person\/image\/","url":"https:\/\/nielsgrobler.de\/wp-content\/uploads\/2021\/03\/niels-grobler-foto.1024x1024-gespiegelt.jpg","contentUrl":"https:\/\/nielsgrobler.de\/wp-content\/uploads\/2021\/03\/niels-grobler-foto.1024x1024-gespiegelt.jpg","width":1024,"height":1024,"caption":"Niels Grobler"},"logo":{"@id":"https:\/\/nielsgrobler.de\/#\/schema\/person\/image\/"},"description":"Mensch, Vater, Ehemann, Immobilienvermittler (IHK) - f\u00fcr die Postbank Immobilien GmbH - unser B\u00fcro befindet sich im Sachsentor 24, 21029 Hamburg-Bergedorf. Ich bin Gebietsleiter f\u00fcr Reinbek und Wentorf.","sameAs":["https:\/\/nielsgrobler.de","https:\/\/www.facebook.com\/niels.grobler","https:\/\/www.instagram.com\/niels_grobler\/","https:\/\/www.linkedin.com\/in\/niels-grobler-2b1b411b4\/"]}]}},"_links":{"self":[{"href":"https:\/\/nielsgrobler.de\/index.php\/wp-json\/wp\/v2\/pages\/173"}],"collection":[{"href":"https:\/\/nielsgrobler.de\/index.php\/wp-json\/wp\/v2\/pages"}],"about":[{"href":"https:\/\/nielsgrobler.de\/index.php\/wp-json\/wp\/v2\/types\/page"}],"author":[{"embeddable":true,"href":"https:\/\/nielsgrobler.de\/index.php\/wp-json\/wp\/v2\/users\/1"}],"replies":[{"embeddable":true,"href":"https:\/\/nielsgrobler.de\/index.php\/wp-json\/wp\/v2\/comments?post=173"}],"version-history":[{"count":30,"href":"https:\/\/nielsgrobler.de\/index.php\/wp-json\/wp\/v2\/pages\/173\/revisions"}],"predecessor-version":[{"id":216,"href":"https:\/\/nielsgrobler.de\/index.php\/wp-json\/wp\/v2\/pages\/173\/revisions\/216"}],"up":[{"embeddable":true,"href":"https:\/\/nielsgrobler.de\/index.php\/wp-json\/wp\/v2\/pages\/93"}],"wp:attachment":[{"href":"https:\/\/nielsgrobler.de\/index.php\/wp-json\/wp\/v2\/media?parent=173"}],"curies":[{"name":"wp","href":"https:\/\/api.w.org\/{rel}","templated":true}]}}