{"id":28,"date":"2020-12-10T10:01:43","date_gmt":"2020-12-10T10:01:43","guid":{"rendered":"https:\/\/nielsgrobler.de\/?page_id=28"},"modified":"2024-07-05T14:05:17","modified_gmt":"2024-07-05T14:05:17","slug":"impressum","status":"publish","type":"page","link":"https:\/\/nielsgrobler.de\/index.php\/impressum\/","title":{"rendered":"Kontakt&#038; Impressum"},"content":{"rendered":"<h1><strong>Herausgeber und Betreiber des Internetangebots:<\/strong><\/h1>\n<div>\n<div>\n<div class=\"vk_sh vk_bk\">\n<div>Niels Grobler<\/div>\n<div class=\"aiAXrc\">Louisenhof 7a<\/div>\n<p><span class=\"fMYBhe\">21493 M\u00fcssen<\/span><\/p>\n<h2>Kontakt:<\/h2>\n<\/div>\n<\/div>\n<\/div>\n<h3>E-Mail:<\/h3>\n<h4><strong>me@nielsgrobler.de<\/strong><\/h4>\n<h3>Telefon:<br \/>\n040 \/ 380 710 20 (gesch\u00e4ftlich)<\/h3>\n<p>&nbsp;<\/p>\n<h3><strong>Technische Bereitstellung:<\/strong><\/h3>\n<p>Die Bereitstellung der Daten und die technische Umsetzung dieses Internetangebots erfolgen \u00fcber webspace4all und wordpress<\/p>\n","protected":false},"excerpt":{"rendered":"<p>Herausgeber und Betreiber des Internetangebots: Niels Grobler Louisenhof 7a 21493 M\u00fcssen Kontakt: E-Mail: me@nielsgrobler.de Telefon: 040 \/ 380 710 20 (gesch\u00e4ftlich) &nbsp; Technische Bereitstellung: Die Bereitstellung der Daten und die technische Umsetzung dieses Internetangebots erfolgen \u00fcber webspace4all und wordpress<\/p>\n","protected":false},"author":1,"featured_media":0,"parent":0,"menu_order":0,"comment_status":"closed","ping_status":"closed","template":"","meta":{"site-sidebar-layout":"default","site-content-layout":"default","ast-site-content-layout":"default","site-content-style":"default","site-sidebar-style":"default","ast-global-header-display":"","ast-banner-title-visibility":"","ast-main-header-display":"","ast-hfb-above-header-display":"","ast-hfb-below-header-display":"","ast-hfb-mobile-header-display":"","site-post-title":"","ast-breadcrumbs-content":"","ast-featured-img":"","footer-sml-layout":"","theme-transparent-header-meta":"default","adv-header-id-meta":"","stick-header-meta":"","header-above-stick-meta":"","header-main-stick-meta":"","header-below-stick-meta":"","astra-migrate-meta-layouts":"set","ast-page-background-enabled":"default","ast-page-background-meta":{"desktop":{"background-color":"","background-image":"","background-repeat":"repeat","background-position":"center center","background-size":"auto","background-attachment":"scroll","background-type":"","background-media":"","overlay-type":"","overlay-color":"","overlay-opacity":"","overlay-gradient":""},"tablet":{"background-color":"","background-image":"","background-repeat":"repeat","background-position":"center center","background-size":"auto","background-attachment":"scroll","background-type":"","background-media":"","overlay-type":"","overlay-color":"","overlay-opacity":"","overlay-gradient":""},"mobile":{"background-color":"","background-image":"","background-repeat":"repeat","background-position":"center center","background-size":"auto","background-attachment":"scroll","background-type":"","background-media":"","overlay-type":"","overlay-color":"","overlay-opacity":"","overlay-gradient":""}},"ast-content-background-meta":{"desktop":{"background-color":"var(--ast-global-color-5)","background-image":"","background-repeat":"repeat","background-position":"center center","background-size":"auto","background-attachment":"scroll","background-type":"","background-media":"","overlay-type":"","overlay-color":"","overlay-opacity":"","overlay-gradient":""},"tablet":{"background-color":"var(--ast-global-color-5)","background-image":"","background-repeat":"repeat","background-position":"center center","background-size":"auto","background-attachment":"scroll","background-type":"","background-media":"","overlay-type":"","overlay-color":"","overlay-opacity":"","overlay-gradient":""},"mobile":{"background-color":"var(--ast-global-color-5)","background-image":"","background-repeat":"repeat","background-position":"center center","background-size":"auto","background-attachment":"scroll","background-type":"","background-media":"","overlay-type":"","overlay-color":"","overlay-opacity":"","overlay-gradient":""}},"footnotes":""},"yoast_head":"<!-- This site is optimized with the Yoast SEO plugin v23.0 - https:\/\/yoast.com\/wordpress\/plugins\/seo\/ -->\n<title>GROBLER - Kontakt&amp; Impressum<\/title>\n<meta name=\"robots\" content=\"index, follow, max-snippet:-1, max-image-preview:large, max-video-preview:-1\" \/>\n<link rel=\"canonical\" href=\"https:\/\/nielsgrobler.de\/index.php\/impressum\/\" \/>\n<meta property=\"og:locale\" content=\"de_DE\" \/>\n<meta property=\"og:type\" content=\"article\" \/>\n<meta property=\"og:title\" content=\"GROBLER - Kontakt&amp; Impressum\" \/>\n<meta property=\"og:description\" content=\"Herausgeber und Betreiber des Internetangebots: Niels Grobler Louisenhof 7a 21493 M\u00fcssen Kontakt: E-Mail: me@nielsgrobler.de Telefon: 040 \/ 380 710 20 (gesch\u00e4ftlich) &nbsp; Technische Bereitstellung: Die Bereitstellung der Daten und die technische Umsetzung dieses Internetangebots erfolgen \u00fcber webspace4all und wordpress\" \/>\n<meta property=\"og:url\" content=\"https:\/\/nielsgrobler.de\/index.php\/impressum\/\" \/>\n<meta property=\"og:site_name\" content=\"GROBLER\" \/>\n<meta property=\"article:publisher\" content=\"https:\/\/www.facebook.com\/niels.grobler\" \/>\n<meta property=\"article:modified_time\" content=\"2024-07-05T14:05:17+00:00\" \/>\n<meta name=\"twitter:card\" content=\"summary_large_image\" \/>\n<meta name=\"twitter:label1\" content=\"Gesch\u00e4tzte Lesezeit\" \/>\n\t<meta name=\"twitter:data1\" content=\"1\u00a0Minute\" \/>\n<script type=\"application\/ld+json\" class=\"yoast-schema-graph\">{\"@context\":\"https:\/\/schema.org\",\"@graph\":[{\"@type\":\"WebPage\",\"@id\":\"https:\/\/nielsgrobler.de\/index.php\/impressum\/\",\"url\":\"https:\/\/nielsgrobler.de\/index.php\/impressum\/\",\"name\":\"GROBLER - Kontakt& Impressum\",\"isPartOf\":{\"@id\":\"https:\/\/nielsgrobler.de\/#website\"},\"datePublished\":\"2020-12-10T10:01:43+00:00\",\"dateModified\":\"2024-07-05T14:05:17+00:00\",\"breadcrumb\":{\"@id\":\"https:\/\/nielsgrobler.de\/index.php\/impressum\/#breadcrumb\"},\"inLanguage\":\"de\",\"potentialAction\":[{\"@type\":\"ReadAction\",\"target\":[\"https:\/\/nielsgrobler.de\/index.php\/impressum\/\"]}]},{\"@type\":\"BreadcrumbList\",\"@id\":\"https:\/\/nielsgrobler.de\/index.php\/impressum\/#breadcrumb\",\"itemListElement\":[{\"@type\":\"ListItem\",\"position\":1,\"name\":\"Startseite\",\"item\":\"https:\/\/nielsgrobler.de\/\"},{\"@type\":\"ListItem\",\"position\":2,\"name\":\"Kontakt&#038; Impressum\"}]},{\"@type\":\"WebSite\",\"@id\":\"https:\/\/nielsgrobler.de\/#website\",\"url\":\"https:\/\/nielsgrobler.de\/\",\"name\":\"GROBLER\",\"description\":\"Willkommen auf nielsgrobler.de\",\"publisher\":{\"@id\":\"https:\/\/nielsgrobler.de\/#\/schema\/person\/b5b55f5c6660ed9489d68b1a61e8b5e3\"},\"potentialAction\":[{\"@type\":\"SearchAction\",\"target\":{\"@type\":\"EntryPoint\",\"urlTemplate\":\"https:\/\/nielsgrobler.de\/?s={search_term_string}\"},\"query-input\":\"required name=search_term_string\"}],\"inLanguage\":\"de\"},{\"@type\":[\"Person\",\"Organization\"],\"@id\":\"https:\/\/nielsgrobler.de\/#\/schema\/person\/b5b55f5c6660ed9489d68b1a61e8b5e3\",\"name\":\"Niels Grobler\",\"image\":{\"@type\":\"ImageObject\",\"inLanguage\":\"de\",\"@id\":\"https:\/\/nielsgrobler.de\/#\/schema\/person\/image\/\",\"url\":\"https:\/\/nielsgrobler.de\/wp-content\/uploads\/2021\/03\/niels-grobler-foto.1024x1024-gespiegelt.jpg\",\"contentUrl\":\"https:\/\/nielsgrobler.de\/wp-content\/uploads\/2021\/03\/niels-grobler-foto.1024x1024-gespiegelt.jpg\",\"width\":1024,\"height\":1024,\"caption\":\"Niels Grobler\"},\"logo\":{\"@id\":\"https:\/\/nielsgrobler.de\/#\/schema\/person\/image\/\"},\"description\":\"Mensch, Vater, Ehemann, Immobilienvermittler (IHK) - f\u00fcr die Postbank Immobilien GmbH - unser B\u00fcro befindet sich im Sachsentor 24, 21029 Hamburg-Bergedorf. Ich bin Gebietsleiter f\u00fcr Reinbek und Wentorf.\",\"sameAs\":[\"https:\/\/nielsgrobler.de\",\"https:\/\/www.facebook.com\/niels.grobler\",\"https:\/\/www.instagram.com\/niels_grobler\/\",\"https:\/\/www.linkedin.com\/in\/niels-grobler-2b1b411b4\/\"]}]}<\/script>\n<!-- \/ Yoast SEO plugin. -->","yoast_head_json":{"title":"GROBLER - Kontakt& Impressum","robots":{"index":"index","follow":"follow","max-snippet":"max-snippet:-1","max-image-preview":"max-image-preview:large","max-video-preview":"max-video-preview:-1"},"canonical":"https:\/\/nielsgrobler.de\/index.php\/impressum\/","og_locale":"de_DE","og_type":"article","og_title":"GROBLER - Kontakt& Impressum","og_description":"Herausgeber und Betreiber des Internetangebots: Niels Grobler Louisenhof 7a 21493 M\u00fcssen Kontakt: E-Mail: me@nielsgrobler.de Telefon: 040 \/ 380 710 20 (gesch\u00e4ftlich) &nbsp; Technische Bereitstellung: Die Bereitstellung der Daten und die technische Umsetzung dieses Internetangebots erfolgen \u00fcber webspace4all und wordpress","og_url":"https:\/\/nielsgrobler.de\/index.php\/impressum\/","og_site_name":"GROBLER","article_publisher":"https:\/\/www.facebook.com\/niels.grobler","article_modified_time":"2024-07-05T14:05:17+00:00","twitter_card":"summary_large_image","twitter_misc":{"Gesch\u00e4tzte Lesezeit":"1\u00a0Minute"},"schema":{"@context":"https:\/\/schema.org","@graph":[{"@type":"WebPage","@id":"https:\/\/nielsgrobler.de\/index.php\/impressum\/","url":"https:\/\/nielsgrobler.de\/index.php\/impressum\/","name":"GROBLER - Kontakt& Impressum","isPartOf":{"@id":"https:\/\/nielsgrobler.de\/#website"},"datePublished":"2020-12-10T10:01:43+00:00","dateModified":"2024-07-05T14:05:17+00:00","breadcrumb":{"@id":"https:\/\/nielsgrobler.de\/index.php\/impressum\/#breadcrumb"},"inLanguage":"de","potentialAction":[{"@type":"ReadAction","target":["https:\/\/nielsgrobler.de\/index.php\/impressum\/"]}]},{"@type":"BreadcrumbList","@id":"https:\/\/nielsgrobler.de\/index.php\/impressum\/#breadcrumb","itemListElement":[{"@type":"ListItem","position":1,"name":"Startseite","item":"https:\/\/nielsgrobler.de\/"},{"@type":"ListItem","position":2,"name":"Kontakt&#038; Impressum"}]},{"@type":"WebSite","@id":"https:\/\/nielsgrobler.de\/#website","url":"https:\/\/nielsgrobler.de\/","name":"GROBLER","description":"Willkommen auf nielsgrobler.de","publisher":{"@id":"https:\/\/nielsgrobler.de\/#\/schema\/person\/b5b55f5c6660ed9489d68b1a61e8b5e3"},"potentialAction":[{"@type":"SearchAction","target":{"@type":"EntryPoint","urlTemplate":"https:\/\/nielsgrobler.de\/?s={search_term_string}"},"query-input":"required name=search_term_string"}],"inLanguage":"de"},{"@type":["Person","Organization"],"@id":"https:\/\/nielsgrobler.de\/#\/schema\/person\/b5b55f5c6660ed9489d68b1a61e8b5e3","name":"Niels Grobler","image":{"@type":"ImageObject","inLanguage":"de","@id":"https:\/\/nielsgrobler.de\/#\/schema\/person\/image\/","url":"https:\/\/nielsgrobler.de\/wp-content\/uploads\/2021\/03\/niels-grobler-foto.1024x1024-gespiegelt.jpg","contentUrl":"https:\/\/nielsgrobler.de\/wp-content\/uploads\/2021\/03\/niels-grobler-foto.1024x1024-gespiegelt.jpg","width":1024,"height":1024,"caption":"Niels Grobler"},"logo":{"@id":"https:\/\/nielsgrobler.de\/#\/schema\/person\/image\/"},"description":"Mensch, Vater, Ehemann, Immobilienvermittler (IHK) - f\u00fcr die Postbank Immobilien GmbH - unser B\u00fcro befindet sich im Sachsentor 24, 21029 Hamburg-Bergedorf. Ich bin Gebietsleiter f\u00fcr Reinbek und Wentorf.","sameAs":["https:\/\/nielsgrobler.de","https:\/\/www.facebook.com\/niels.grobler","https:\/\/www.instagram.com\/niels_grobler\/","https:\/\/www.linkedin.com\/in\/niels-grobler-2b1b411b4\/"]}]}},"_links":{"self":[{"href":"https:\/\/nielsgrobler.de\/index.php\/wp-json\/wp\/v2\/pages\/28"}],"collection":[{"href":"https:\/\/nielsgrobler.de\/index.php\/wp-json\/wp\/v2\/pages"}],"about":[{"href":"https:\/\/nielsgrobler.de\/index.php\/wp-json\/wp\/v2\/types\/page"}],"author":[{"embeddable":true,"href":"https:\/\/nielsgrobler.de\/index.php\/wp-json\/wp\/v2\/users\/1"}],"replies":[{"embeddable":true,"href":"https:\/\/nielsgrobler.de\/index.php\/wp-json\/wp\/v2\/comments?post=28"}],"version-history":[{"count":14,"href":"https:\/\/nielsgrobler.de\/index.php\/wp-json\/wp\/v2\/pages\/28\/revisions"}],"predecessor-version":[{"id":310,"href":"https:\/\/nielsgrobler.de\/index.php\/wp-json\/wp\/v2\/pages\/28\/revisions\/310"}],"wp:attachment":[{"href":"https:\/\/nielsgrobler.de\/index.php\/wp-json\/wp\/v2\/media?parent=28"}],"curies":[{"name":"wp","href":"https:\/\/api.w.org\/{rel}","templated":true}]}}