{"id":311,"date":"2024-07-05T14:05:45","date_gmt":"2024-07-05T14:05:45","guid":{"rendered":"https:\/\/nielsgrobler.de\/?page_id=311"},"modified":"2024-07-05T14:48:10","modified_gmt":"2024-07-05T14:48:10","slug":"haftungsausschluss","status":"publish","type":"page","link":"https:\/\/nielsgrobler.de\/index.php\/impressum\/haftungsausschluss\/","title":{"rendered":"Haftungsausschluss"},"content":{"rendered":"<h2><strong>Haftungsausschluss:<\/strong><\/h2>\n<p>Alle Angaben und Inhalte dieses Angebotes wurden sorgf\u00e4ltig erstellt und gepr\u00fcft. Ich bem\u00fche mich, das Angebot aktuell, vollst\u00e4ndig und frei von inhaltlichen Fehlern anzubieten. Dennoch kann trotz gr\u00f6\u00dfter Sorgfalt das Auftreten von Fehlern nicht v\u00f6llig ausgeschlossen werden, so dass eine Garantie f\u00fcr die Vollst\u00e4ndigkeit, Richtigkeit, Aktualit\u00e4t und permanente Verf\u00fcgbarkeit nicht \u00fcbernommen wird.<\/p>\n<p>Der Zugang und die Benutzung dieser Website geschehen auf eigene Gefahr des Nutzers. Ich \u00fcbernehme keinerlei Haftung f\u00fcr Sch\u00e4den, die angeblich durch den oder in Verbindung mit dem Zugang und\/oder der Benutzung dieser Website aufgetreten sind.<\/p>\n","protected":false},"excerpt":{"rendered":"<p>Haftungsausschluss: Alle Angaben und Inhalte dieses Angebotes wurden sorgf\u00e4ltig erstellt und gepr\u00fcft. Ich bem\u00fche mich, das Angebot aktuell, vollst\u00e4ndig und frei von inhaltlichen Fehlern anzubieten. Dennoch kann trotz gr\u00f6\u00dfter Sorgfalt das Auftreten von Fehlern nicht v\u00f6llig ausgeschlossen werden, so dass eine Garantie f\u00fcr die Vollst\u00e4ndigkeit, Richtigkeit, Aktualit\u00e4t und permanente Verf\u00fcgbarkeit nicht \u00fcbernommen wird. Der Zugang [&hellip;]<\/p>\n","protected":false},"author":1,"featured_media":0,"parent":28,"menu_order":0,"comment_status":"closed","ping_status":"closed","template":"","meta":{"site-sidebar-layout":"default","site-content-layout":"","ast-site-content-layout":"default","site-content-style":"default","site-sidebar-style":"default","ast-global-header-display":"","ast-banner-title-visibility":"","ast-main-header-display":"","ast-hfb-above-header-display":"","ast-hfb-below-header-display":"","ast-hfb-mobile-header-display":"","site-post-title":"","ast-breadcrumbs-content":"","ast-featured-img":"","footer-sml-layout":"","theme-transparent-header-meta":"default","adv-header-id-meta":"","stick-header-meta":"","header-above-stick-meta":"","header-main-stick-meta":"","header-below-stick-meta":"","astra-migrate-meta-layouts":"set","ast-page-background-enabled":"default","ast-page-background-meta":{"desktop":{"background-color":"","background-image":"","background-repeat":"repeat","background-position":"center center","background-size":"auto","background-attachment":"scroll","background-type":"","background-media":"","overlay-type":"","overlay-color":"","overlay-opacity":"","overlay-gradient":""},"tablet":{"background-color":"","background-image":"","background-repeat":"repeat","background-position":"center center","background-size":"auto","background-attachment":"scroll","background-type":"","background-media":"","overlay-type":"","overlay-color":"","overlay-opacity":"","overlay-gradient":""},"mobile":{"background-color":"","background-image":"","background-repeat":"repeat","background-position":"center center","background-size":"auto","background-attachment":"scroll","background-type":"","background-media":"","overlay-type":"","overlay-color":"","overlay-opacity":"","overlay-gradient":""}},"ast-content-background-meta":{"desktop":{"background-color":"var(--ast-global-color-5)","background-image":"","background-repeat":"repeat","background-position":"center center","background-size":"auto","background-attachment":"scroll","background-type":"","background-media":"","overlay-type":"","overlay-color":"","overlay-opacity":"","overlay-gradient":""},"tablet":{"background-color":"var(--ast-global-color-5)","background-image":"","background-repeat":"repeat","background-position":"center center","background-size":"auto","background-attachment":"scroll","background-type":"","background-media":"","overlay-type":"","overlay-color":"","overlay-opacity":"","overlay-gradient":""},"mobile":{"background-color":"var(--ast-global-color-5)","background-image":"","background-repeat":"repeat","background-position":"center center","background-size":"auto","background-attachment":"scroll","background-type":"","background-media":"","overlay-type":"","overlay-color":"","overlay-opacity":"","overlay-gradient":""}},"footnotes":""},"yoast_head":"<!-- This site is optimized with the Yoast SEO plugin v23.0 - https:\/\/yoast.com\/wordpress\/plugins\/seo\/ -->\n<title>Haftungsausschluss - GROBLER<\/title>\n<meta name=\"robots\" content=\"index, follow, max-snippet:-1, max-image-preview:large, max-video-preview:-1\" \/>\n<link rel=\"canonical\" href=\"https:\/\/nielsgrobler.de\/index.php\/impressum\/haftungsausschluss\/\" \/>\n<meta property=\"og:locale\" content=\"de_DE\" \/>\n<meta property=\"og:type\" content=\"article\" \/>\n<meta property=\"og:title\" content=\"Haftungsausschluss - GROBLER\" \/>\n<meta property=\"og:description\" content=\"Haftungsausschluss: Alle Angaben und Inhalte dieses Angebotes wurden sorgf\u00e4ltig erstellt und gepr\u00fcft. Ich bem\u00fche mich, das Angebot aktuell, vollst\u00e4ndig und frei von inhaltlichen Fehlern anzubieten. Dennoch kann trotz gr\u00f6\u00dfter Sorgfalt das Auftreten von Fehlern nicht v\u00f6llig ausgeschlossen werden, so dass eine Garantie f\u00fcr die Vollst\u00e4ndigkeit, Richtigkeit, Aktualit\u00e4t und permanente Verf\u00fcgbarkeit nicht \u00fcbernommen wird. Der Zugang [&hellip;]\" \/>\n<meta property=\"og:url\" content=\"https:\/\/nielsgrobler.de\/index.php\/impressum\/haftungsausschluss\/\" \/>\n<meta property=\"og:site_name\" content=\"GROBLER\" \/>\n<meta property=\"article:publisher\" content=\"https:\/\/www.facebook.com\/niels.grobler\" \/>\n<meta property=\"article:modified_time\" content=\"2024-07-05T14:48:10+00:00\" \/>\n<meta name=\"twitter:card\" content=\"summary_large_image\" \/>\n<meta name=\"twitter:label1\" content=\"Gesch\u00e4tzte Lesezeit\" \/>\n\t<meta name=\"twitter:data1\" content=\"1\u00a0Minute\" \/>\n<script type=\"application\/ld+json\" class=\"yoast-schema-graph\">{\"@context\":\"https:\/\/schema.org\",\"@graph\":[{\"@type\":\"WebPage\",\"@id\":\"https:\/\/nielsgrobler.de\/index.php\/impressum\/haftungsausschluss\/\",\"url\":\"https:\/\/nielsgrobler.de\/index.php\/impressum\/haftungsausschluss\/\",\"name\":\"Haftungsausschluss - GROBLER\",\"isPartOf\":{\"@id\":\"https:\/\/nielsgrobler.de\/#website\"},\"datePublished\":\"2024-07-05T14:05:45+00:00\",\"dateModified\":\"2024-07-05T14:48:10+00:00\",\"breadcrumb\":{\"@id\":\"https:\/\/nielsgrobler.de\/index.php\/impressum\/haftungsausschluss\/#breadcrumb\"},\"inLanguage\":\"de\",\"potentialAction\":[{\"@type\":\"ReadAction\",\"target\":[\"https:\/\/nielsgrobler.de\/index.php\/impressum\/haftungsausschluss\/\"]}]},{\"@type\":\"BreadcrumbList\",\"@id\":\"https:\/\/nielsgrobler.de\/index.php\/impressum\/haftungsausschluss\/#breadcrumb\",\"itemListElement\":[{\"@type\":\"ListItem\",\"position\":1,\"name\":\"Startseite\",\"item\":\"https:\/\/nielsgrobler.de\/\"},{\"@type\":\"ListItem\",\"position\":2,\"name\":\"Kontakt&#038; Impressum\",\"item\":\"https:\/\/nielsgrobler.de\/index.php\/impressum\/\"},{\"@type\":\"ListItem\",\"position\":3,\"name\":\"Haftungsausschluss\"}]},{\"@type\":\"WebSite\",\"@id\":\"https:\/\/nielsgrobler.de\/#website\",\"url\":\"https:\/\/nielsgrobler.de\/\",\"name\":\"GROBLER\",\"description\":\"Willkommen auf nielsgrobler.de\",\"publisher\":{\"@id\":\"https:\/\/nielsgrobler.de\/#\/schema\/person\/b5b55f5c6660ed9489d68b1a61e8b5e3\"},\"potentialAction\":[{\"@type\":\"SearchAction\",\"target\":{\"@type\":\"EntryPoint\",\"urlTemplate\":\"https:\/\/nielsgrobler.de\/?s={search_term_string}\"},\"query-input\":\"required name=search_term_string\"}],\"inLanguage\":\"de\"},{\"@type\":[\"Person\",\"Organization\"],\"@id\":\"https:\/\/nielsgrobler.de\/#\/schema\/person\/b5b55f5c6660ed9489d68b1a61e8b5e3\",\"name\":\"Niels Grobler\",\"image\":{\"@type\":\"ImageObject\",\"inLanguage\":\"de\",\"@id\":\"https:\/\/nielsgrobler.de\/#\/schema\/person\/image\/\",\"url\":\"https:\/\/nielsgrobler.de\/wp-content\/uploads\/2021\/03\/niels-grobler-foto.1024x1024-gespiegelt.jpg\",\"contentUrl\":\"https:\/\/nielsgrobler.de\/wp-content\/uploads\/2021\/03\/niels-grobler-foto.1024x1024-gespiegelt.jpg\",\"width\":1024,\"height\":1024,\"caption\":\"Niels Grobler\"},\"logo\":{\"@id\":\"https:\/\/nielsgrobler.de\/#\/schema\/person\/image\/\"},\"description\":\"Mensch, Vater, Ehemann, Immobilienvermittler (IHK) - f\u00fcr die Postbank Immobilien GmbH - unser B\u00fcro befindet sich im Sachsentor 24, 21029 Hamburg-Bergedorf. Ich bin Gebietsleiter f\u00fcr Reinbek und Wentorf.\",\"sameAs\":[\"https:\/\/nielsgrobler.de\",\"https:\/\/www.facebook.com\/niels.grobler\",\"https:\/\/www.instagram.com\/niels_grobler\/\",\"https:\/\/www.linkedin.com\/in\/niels-grobler-2b1b411b4\/\"]}]}<\/script>\n<!-- \/ Yoast SEO plugin. -->","yoast_head_json":{"title":"Haftungsausschluss - GROBLER","robots":{"index":"index","follow":"follow","max-snippet":"max-snippet:-1","max-image-preview":"max-image-preview:large","max-video-preview":"max-video-preview:-1"},"canonical":"https:\/\/nielsgrobler.de\/index.php\/impressum\/haftungsausschluss\/","og_locale":"de_DE","og_type":"article","og_title":"Haftungsausschluss - GROBLER","og_description":"Haftungsausschluss: Alle Angaben und Inhalte dieses Angebotes wurden sorgf\u00e4ltig erstellt und gepr\u00fcft. Ich bem\u00fche mich, das Angebot aktuell, vollst\u00e4ndig und frei von inhaltlichen Fehlern anzubieten. Dennoch kann trotz gr\u00f6\u00dfter Sorgfalt das Auftreten von Fehlern nicht v\u00f6llig ausgeschlossen werden, so dass eine Garantie f\u00fcr die Vollst\u00e4ndigkeit, Richtigkeit, Aktualit\u00e4t und permanente Verf\u00fcgbarkeit nicht \u00fcbernommen wird. Der Zugang [&hellip;]","og_url":"https:\/\/nielsgrobler.de\/index.php\/impressum\/haftungsausschluss\/","og_site_name":"GROBLER","article_publisher":"https:\/\/www.facebook.com\/niels.grobler","article_modified_time":"2024-07-05T14:48:10+00:00","twitter_card":"summary_large_image","twitter_misc":{"Gesch\u00e4tzte Lesezeit":"1\u00a0Minute"},"schema":{"@context":"https:\/\/schema.org","@graph":[{"@type":"WebPage","@id":"https:\/\/nielsgrobler.de\/index.php\/impressum\/haftungsausschluss\/","url":"https:\/\/nielsgrobler.de\/index.php\/impressum\/haftungsausschluss\/","name":"Haftungsausschluss - GROBLER","isPartOf":{"@id":"https:\/\/nielsgrobler.de\/#website"},"datePublished":"2024-07-05T14:05:45+00:00","dateModified":"2024-07-05T14:48:10+00:00","breadcrumb":{"@id":"https:\/\/nielsgrobler.de\/index.php\/impressum\/haftungsausschluss\/#breadcrumb"},"inLanguage":"de","potentialAction":[{"@type":"ReadAction","target":["https:\/\/nielsgrobler.de\/index.php\/impressum\/haftungsausschluss\/"]}]},{"@type":"BreadcrumbList","@id":"https:\/\/nielsgrobler.de\/index.php\/impressum\/haftungsausschluss\/#breadcrumb","itemListElement":[{"@type":"ListItem","position":1,"name":"Startseite","item":"https:\/\/nielsgrobler.de\/"},{"@type":"ListItem","position":2,"name":"Kontakt&#038; Impressum","item":"https:\/\/nielsgrobler.de\/index.php\/impressum\/"},{"@type":"ListItem","position":3,"name":"Haftungsausschluss"}]},{"@type":"WebSite","@id":"https:\/\/nielsgrobler.de\/#website","url":"https:\/\/nielsgrobler.de\/","name":"GROBLER","description":"Willkommen auf nielsgrobler.de","publisher":{"@id":"https:\/\/nielsgrobler.de\/#\/schema\/person\/b5b55f5c6660ed9489d68b1a61e8b5e3"},"potentialAction":[{"@type":"SearchAction","target":{"@type":"EntryPoint","urlTemplate":"https:\/\/nielsgrobler.de\/?s={search_term_string}"},"query-input":"required name=search_term_string"}],"inLanguage":"de"},{"@type":["Person","Organization"],"@id":"https:\/\/nielsgrobler.de\/#\/schema\/person\/b5b55f5c6660ed9489d68b1a61e8b5e3","name":"Niels Grobler","image":{"@type":"ImageObject","inLanguage":"de","@id":"https:\/\/nielsgrobler.de\/#\/schema\/person\/image\/","url":"https:\/\/nielsgrobler.de\/wp-content\/uploads\/2021\/03\/niels-grobler-foto.1024x1024-gespiegelt.jpg","contentUrl":"https:\/\/nielsgrobler.de\/wp-content\/uploads\/2021\/03\/niels-grobler-foto.1024x1024-gespiegelt.jpg","width":1024,"height":1024,"caption":"Niels Grobler"},"logo":{"@id":"https:\/\/nielsgrobler.de\/#\/schema\/person\/image\/"},"description":"Mensch, Vater, Ehemann, Immobilienvermittler (IHK) - f\u00fcr die Postbank Immobilien GmbH - unser B\u00fcro befindet sich im Sachsentor 24, 21029 Hamburg-Bergedorf. Ich bin Gebietsleiter f\u00fcr Reinbek und Wentorf.","sameAs":["https:\/\/nielsgrobler.de","https:\/\/www.facebook.com\/niels.grobler","https:\/\/www.instagram.com\/niels_grobler\/","https:\/\/www.linkedin.com\/in\/niels-grobler-2b1b411b4\/"]}]}},"_links":{"self":[{"href":"https:\/\/nielsgrobler.de\/index.php\/wp-json\/wp\/v2\/pages\/311"}],"collection":[{"href":"https:\/\/nielsgrobler.de\/index.php\/wp-json\/wp\/v2\/pages"}],"about":[{"href":"https:\/\/nielsgrobler.de\/index.php\/wp-json\/wp\/v2\/types\/page"}],"author":[{"embeddable":true,"href":"https:\/\/nielsgrobler.de\/index.php\/wp-json\/wp\/v2\/users\/1"}],"replies":[{"embeddable":true,"href":"https:\/\/nielsgrobler.de\/index.php\/wp-json\/wp\/v2\/comments?post=311"}],"version-history":[{"count":2,"href":"https:\/\/nielsgrobler.de\/index.php\/wp-json\/wp\/v2\/pages\/311\/revisions"}],"predecessor-version":[{"id":313,"href":"https:\/\/nielsgrobler.de\/index.php\/wp-json\/wp\/v2\/pages\/311\/revisions\/313"}],"up":[{"embeddable":true,"href":"https:\/\/nielsgrobler.de\/index.php\/wp-json\/wp\/v2\/pages\/28"}],"wp:attachment":[{"href":"https:\/\/nielsgrobler.de\/index.php\/wp-json\/wp\/v2\/media?parent=311"}],"curies":[{"name":"wp","href":"https:\/\/api.w.org\/{rel}","templated":true}]}}