{"id":36,"date":"2020-12-10T10:05:46","date_gmt":"2020-12-10T10:05:46","guid":{"rendered":"https:\/\/nielsgrobler.de\/?page_id=36"},"modified":"2024-07-03T14:47:09","modified_gmt":"2024-07-03T14:47:09","slug":"ueber-mich","status":"publish","type":"page","link":"https:\/\/nielsgrobler.de\/","title":{"rendered":"\u00dcber mich"},"content":{"rendered":"<p><img loading=\"lazy\" decoding=\"async\" class=\"wp-image-54 size-thumbnail alignleft\" src=\"https:\/\/nielsgrobler.de\/wp-content\/uploads\/2021\/03\/niels-grobler-foto.1024x1024-gespiegelt-150x150.jpg\" alt=\"\" width=\"150\" height=\"150\" srcset=\"https:\/\/nielsgrobler.de\/wp-content\/uploads\/2021\/03\/niels-grobler-foto.1024x1024-gespiegelt-150x150.jpg 150w, https:\/\/nielsgrobler.de\/wp-content\/uploads\/2021\/03\/niels-grobler-foto.1024x1024-gespiegelt-300x300.jpg 300w, https:\/\/nielsgrobler.de\/wp-content\/uploads\/2021\/03\/niels-grobler-foto.1024x1024-gespiegelt.jpg 1024w, https:\/\/nielsgrobler.de\/wp-content\/uploads\/2021\/03\/niels-grobler-foto.1024x1024-gespiegelt-768x768.jpg 768w, https:\/\/nielsgrobler.de\/wp-content\/uploads\/2021\/03\/niels-grobler-foto.1024x1024-gespiegelt-250x250.jpg 250w, https:\/\/nielsgrobler.de\/wp-content\/uploads\/2021\/03\/niels-grobler-foto.1024x1024-gespiegelt-640x640.jpg 640w\" sizes=\"(max-width: 150px) 100vw, 150px\" \/>Vielen Dank f\u00fcr Ihren Besuch auf <strong>nielsgrobler.de<\/strong><\/p>\n<p><strong>Kurz \u00fcber mich.<\/strong> Mein Name ist <strong>Niels Grobler<\/strong>, ich bin <strong>Immobilienvermittler (IHK)<\/strong> und selbstst\u00e4ndiger Immobilienmakler.<\/p>\n<hr \/>\n<p><strong>So erreichen Sie mich!<br \/>\n<\/strong><\/p>\n<p><strong>Per Telefon: 040 \/ 380 710 20<\/strong><\/p>\n<p><strong>Per Mail:<a href=\"mailto:me@nielsgrobler.de\"><strong>me@nielsgrobler.de<\/strong><\/a><\/strong><\/p>\n<p>Kontaktieren Sie mich gerne, f\u00fcr Ihr <em>pers\u00f6nliches, unverbindliches<\/em> und <em>kostenloses<\/em> Erstgespr\u00e4ch<\/p>\n<hr \/>\n<p>F\u00fcr die <strong>Postbank Immobilien GmbH<\/strong> und deren Nachfolgerin, die <strong>Deutsche Bank Immobilien GmbH, <\/strong>war ich, aus dem Sachsentor heraus, f\u00fcr f\u00fcnf Jahre in Hamburg-Bergedorf und das Umland &#8211; Reinbek, Glinde, Geesthacht, Schwarzenbek, Lauenburg, B\u00fcchen &amp; Co. als Immobilienberater t\u00e4tig.<\/p>\n<p><strong>Nun ruft mich eine neue Herausforderung!<\/strong> Zusammen mit alten Kollegen sitzen wir an einem neuen Start-Up f\u00fcr unsere Region um Ihnen lokal unseren besten Service bieten zu d\u00fcrfen.<\/p>\n<p><span style=\"font-size: 1rem;\">Im Laufe der Jahre habe ich von unseren Kunden die eine oder andere <\/span><strong style=\"font-size: 1rem;\">kleine Frage<\/strong><span style=\"font-size: 1rem;\"> gestellt bekommen, die &#8211; zum Teil &#8211; zu <\/span><strong style=\"font-size: 1rem;\">gro\u00dfen <\/strong><strong>Verunsicherungen<\/strong> gef\u00fchrt hat. Auf diesen Seiten m\u00f6chte ich Ihnen deshalb gerne Immobilien-Wissen zur Verf\u00fcgung stellen. Bitte beachten Sie, das sich meine Website und auch der <a href=\"https:\/\/nielsgrobler.de\/index.php\/kostenloser-ratgeber-immobilienwissen\/\">Ratgeber<\/a> im Aufbau befinden. Hier wird h\u00e4ufig aktualisiert.<\/p>\n<p><img loading=\"lazy\" decoding=\"async\" class=\"size-medium wp-image-43 alignright\" style=\"font-size: 1rem;\" src=\"https:\/\/nielsgrobler.de\/wp-content\/uploads\/2021\/03\/Zertifikat-EBZ-210x300.jpg\" alt=\"\" width=\"210\" height=\"300\" srcset=\"https:\/\/nielsgrobler.de\/wp-content\/uploads\/2021\/03\/Zertifikat-EBZ-210x300.jpg 210w, https:\/\/nielsgrobler.de\/wp-content\/uploads\/2021\/03\/Zertifikat-EBZ-718x1024.jpg 718w, https:\/\/nielsgrobler.de\/wp-content\/uploads\/2021\/03\/Zertifikat-EBZ-768x1096.jpg 768w, https:\/\/nielsgrobler.de\/wp-content\/uploads\/2021\/03\/Zertifikat-EBZ-1077x1536.jpg 1077w, https:\/\/nielsgrobler.de\/wp-content\/uploads\/2021\/03\/Zertifikat-EBZ-1435x2048.jpg 1435w, https:\/\/nielsgrobler.de\/wp-content\/uploads\/2021\/03\/Zertifikat-EBZ-1040x1484.jpg 1040w, https:\/\/nielsgrobler.de\/wp-content\/uploads\/2021\/03\/Zertifikat-EBZ-640x913.jpg 640w, https:\/\/nielsgrobler.de\/wp-content\/uploads\/2021\/03\/Zertifikat-EBZ-scaled.jpg 1794w\" sizes=\"(max-width: 210px) 100vw, 210px\" \/><\/p>\n<p>Haben Sie Fragen? Haben Sie einen Verkaufs- oder Vermietungswunsch? M\u00f6chten Sie den Marktwert Ihres Hauses ermitteln lassen?<\/p>\n<p><em><strong>Ihr Niels Grobler<\/strong><\/em><\/p>\n","protected":false},"excerpt":{"rendered":"<p>Vielen Dank f\u00fcr Ihren Besuch auf nielsgrobler.de Kurz \u00fcber mich. Mein Name ist Niels Grobler, ich bin Immobilienvermittler (IHK) und selbstst\u00e4ndiger Immobilienmakler. So erreichen Sie mich! Per Telefon: 040 \/ 380 710 20 Per Mail:me@nielsgrobler.de Kontaktieren Sie mich gerne, f\u00fcr Ihr pers\u00f6nliches, unverbindliches und kostenloses Erstgespr\u00e4ch F\u00fcr die Postbank Immobilien GmbH und deren Nachfolgerin, die [&hellip;]<\/p>\n","protected":false},"author":1,"featured_media":0,"parent":0,"menu_order":0,"comment_status":"closed","ping_status":"closed","template":"","meta":{"site-sidebar-layout":"default","site-content-layout":"default","ast-site-content-layout":"","site-content-style":"default","site-sidebar-style":"default","ast-global-header-display":"","ast-banner-title-visibility":"","ast-main-header-display":"","ast-hfb-above-header-display":"","ast-hfb-below-header-display":"","ast-hfb-mobile-header-display":"","site-post-title":"","ast-breadcrumbs-content":"","ast-featured-img":"","footer-sml-layout":"","theme-transparent-header-meta":"default","adv-header-id-meta":"","stick-header-meta":"","header-above-stick-meta":"","header-main-stick-meta":"","header-below-stick-meta":"","astra-migrate-meta-layouts":"default","ast-page-background-enabled":"default","ast-page-background-meta":{"desktop":{"background-color":"","background-image":"","background-repeat":"repeat","background-position":"center center","background-size":"auto","background-attachment":"scroll","background-type":"","background-media":"","overlay-type":"","overlay-color":"","overlay-opacity":"","overlay-gradient":""},"tablet":{"background-color":"","background-image":"","background-repeat":"repeat","background-position":"center center","background-size":"auto","background-attachment":"scroll","background-type":"","background-media":"","overlay-type":"","overlay-color":"","overlay-opacity":"","overlay-gradient":""},"mobile":{"background-color":"","background-image":"","background-repeat":"repeat","background-position":"center center","background-size":"auto","background-attachment":"scroll","background-type":"","background-media":"","overlay-type":"","overlay-color":"","overlay-opacity":"","overlay-gradient":""}},"ast-content-background-meta":{"desktop":{"background-color":"var(--ast-global-color-5)","background-image":"","background-repeat":"repeat","background-position":"center center","background-size":"auto","background-attachment":"scroll","background-type":"","background-media":"","overlay-type":"","overlay-color":"","overlay-opacity":"","overlay-gradient":""},"tablet":{"background-color":"var(--ast-global-color-5)","background-image":"","background-repeat":"repeat","background-position":"center center","background-size":"auto","background-attachment":"scroll","background-type":"","background-media":"","overlay-type":"","overlay-color":"","overlay-opacity":"","overlay-gradient":""},"mobile":{"background-color":"var(--ast-global-color-5)","background-image":"","background-repeat":"repeat","background-position":"center center","background-size":"auto","background-attachment":"scroll","background-type":"","background-media":"","overlay-type":"","overlay-color":"","overlay-opacity":"","overlay-gradient":""}},"footnotes":""},"yoast_head":"<!-- This site is optimized with the Yoast SEO plugin v23.0 - https:\/\/yoast.com\/wordpress\/plugins\/seo\/ -->\n<title>GROBLER - Immobilienvermittler (IHK) - \u00dcber mich<\/title>\n<meta name=\"description\" content=\"Mein Name ist Niels Grobler, ich bin Immobilienvermittler (IHK) und selbstst\u00e4ndiger Immobilienmakler. Willkommen auf nielsgrobler.de\" \/>\n<meta name=\"robots\" content=\"index, follow, max-snippet:-1, max-image-preview:large, max-video-preview:-1\" \/>\n<link rel=\"canonical\" href=\"https:\/\/nielsgrobler.de\/\" \/>\n<meta property=\"og:locale\" content=\"de_DE\" \/>\n<meta property=\"og:type\" content=\"article\" \/>\n<meta property=\"og:title\" content=\"GROBLER - Immobilienvermittler (IHK) - \u00dcber mich\" \/>\n<meta property=\"og:description\" content=\"Mein Name ist Niels Grobler, ich bin Immobilienvermittler (IHK) und selbstst\u00e4ndiger Immobilienmakler. Willkommen auf nielsgrobler.de\" \/>\n<meta property=\"og:url\" content=\"https:\/\/nielsgrobler.de\/\" \/>\n<meta property=\"og:site_name\" content=\"GROBLER\" \/>\n<meta property=\"article:publisher\" content=\"https:\/\/www.facebook.com\/niels.grobler\" \/>\n<meta property=\"article:modified_time\" content=\"2024-07-03T14:47:09+00:00\" \/>\n<meta property=\"og:image\" content=\"https:\/\/nielsgrobler.de\/wp-content\/uploads\/2021\/03\/niels-grobler-foto.1024x1024-gespiegelt-150x150.jpg\" \/>\n<meta name=\"twitter:card\" content=\"summary_large_image\" \/>\n<meta name=\"twitter:label1\" content=\"Gesch\u00e4tzte Lesezeit\" \/>\n\t<meta name=\"twitter:data1\" content=\"2\u00a0Minuten\" \/>\n<script type=\"application\/ld+json\" class=\"yoast-schema-graph\">{\"@context\":\"https:\/\/schema.org\",\"@graph\":[{\"@type\":\"WebPage\",\"@id\":\"https:\/\/nielsgrobler.de\/\",\"url\":\"https:\/\/nielsgrobler.de\/\",\"name\":\"GROBLER - Immobilienvermittler (IHK) - \u00dcber mich\",\"isPartOf\":{\"@id\":\"https:\/\/nielsgrobler.de\/#website\"},\"primaryImageOfPage\":{\"@id\":\"https:\/\/nielsgrobler.de\/#primaryimage\"},\"image\":{\"@id\":\"https:\/\/nielsgrobler.de\/#primaryimage\"},\"thumbnailUrl\":\"https:\/\/nielsgrobler.de\/wp-content\/uploads\/2021\/03\/niels-grobler-foto.1024x1024-gespiegelt-150x150.jpg\",\"datePublished\":\"2020-12-10T10:05:46+00:00\",\"dateModified\":\"2024-07-03T14:47:09+00:00\",\"description\":\"Mein Name ist Niels Grobler, ich bin Immobilienvermittler (IHK) und selbstst\u00e4ndiger Immobilienmakler. Willkommen auf nielsgrobler.de\",\"breadcrumb\":{\"@id\":\"https:\/\/nielsgrobler.de\/#breadcrumb\"},\"inLanguage\":\"de\",\"potentialAction\":[{\"@type\":\"ReadAction\",\"target\":[\"https:\/\/nielsgrobler.de\/\"]}]},{\"@type\":\"ImageObject\",\"inLanguage\":\"de\",\"@id\":\"https:\/\/nielsgrobler.de\/#primaryimage\",\"url\":\"https:\/\/nielsgrobler.de\/wp-content\/uploads\/2021\/03\/niels-grobler-foto.1024x1024-gespiegelt.jpg\",\"contentUrl\":\"https:\/\/nielsgrobler.de\/wp-content\/uploads\/2021\/03\/niels-grobler-foto.1024x1024-gespiegelt.jpg\",\"width\":1024,\"height\":1024},{\"@type\":\"BreadcrumbList\",\"@id\":\"https:\/\/nielsgrobler.de\/#breadcrumb\",\"itemListElement\":[{\"@type\":\"ListItem\",\"position\":1,\"name\":\"Startseite\",\"item\":\"https:\/\/nielsgrobler.de\/\"},{\"@type\":\"ListItem\",\"position\":2,\"name\":\"\u00dcber mich\"}]},{\"@type\":\"WebSite\",\"@id\":\"https:\/\/nielsgrobler.de\/#website\",\"url\":\"https:\/\/nielsgrobler.de\/\",\"name\":\"GROBLER\",\"description\":\"Willkommen auf nielsgrobler.de\",\"publisher\":{\"@id\":\"https:\/\/nielsgrobler.de\/#\/schema\/person\/b5b55f5c6660ed9489d68b1a61e8b5e3\"},\"potentialAction\":[{\"@type\":\"SearchAction\",\"target\":{\"@type\":\"EntryPoint\",\"urlTemplate\":\"https:\/\/nielsgrobler.de\/?s={search_term_string}\"},\"query-input\":\"required name=search_term_string\"}],\"inLanguage\":\"de\"},{\"@type\":[\"Person\",\"Organization\"],\"@id\":\"https:\/\/nielsgrobler.de\/#\/schema\/person\/b5b55f5c6660ed9489d68b1a61e8b5e3\",\"name\":\"Niels Grobler\",\"image\":{\"@type\":\"ImageObject\",\"inLanguage\":\"de\",\"@id\":\"https:\/\/nielsgrobler.de\/#\/schema\/person\/image\/\",\"url\":\"https:\/\/nielsgrobler.de\/wp-content\/uploads\/2021\/03\/niels-grobler-foto.1024x1024-gespiegelt.jpg\",\"contentUrl\":\"https:\/\/nielsgrobler.de\/wp-content\/uploads\/2021\/03\/niels-grobler-foto.1024x1024-gespiegelt.jpg\",\"width\":1024,\"height\":1024,\"caption\":\"Niels Grobler\"},\"logo\":{\"@id\":\"https:\/\/nielsgrobler.de\/#\/schema\/person\/image\/\"},\"description\":\"Mensch, Vater, Ehemann, Immobilienvermittler (IHK) - f\u00fcr die Postbank Immobilien GmbH - unser B\u00fcro befindet sich im Sachsentor 24, 21029 Hamburg-Bergedorf. Ich bin Gebietsleiter f\u00fcr Reinbek und Wentorf.\",\"sameAs\":[\"https:\/\/nielsgrobler.de\",\"https:\/\/www.facebook.com\/niels.grobler\",\"https:\/\/www.instagram.com\/niels_grobler\/\",\"https:\/\/www.linkedin.com\/in\/niels-grobler-2b1b411b4\/\"]}]}<\/script>\n<!-- \/ Yoast SEO plugin. -->","yoast_head_json":{"title":"GROBLER - Immobilienvermittler (IHK) - \u00dcber mich","description":"Mein Name ist Niels Grobler, ich bin Immobilienvermittler (IHK) und selbstst\u00e4ndiger Immobilienmakler. Willkommen auf nielsgrobler.de","robots":{"index":"index","follow":"follow","max-snippet":"max-snippet:-1","max-image-preview":"max-image-preview:large","max-video-preview":"max-video-preview:-1"},"canonical":"https:\/\/nielsgrobler.de\/","og_locale":"de_DE","og_type":"article","og_title":"GROBLER - Immobilienvermittler (IHK) - \u00dcber mich","og_description":"Mein Name ist Niels Grobler, ich bin Immobilienvermittler (IHK) und selbstst\u00e4ndiger Immobilienmakler. Willkommen auf nielsgrobler.de","og_url":"https:\/\/nielsgrobler.de\/","og_site_name":"GROBLER","article_publisher":"https:\/\/www.facebook.com\/niels.grobler","article_modified_time":"2024-07-03T14:47:09+00:00","og_image":[{"url":"https:\/\/nielsgrobler.de\/wp-content\/uploads\/2021\/03\/niels-grobler-foto.1024x1024-gespiegelt-150x150.jpg"}],"twitter_card":"summary_large_image","twitter_misc":{"Gesch\u00e4tzte Lesezeit":"2\u00a0Minuten"},"schema":{"@context":"https:\/\/schema.org","@graph":[{"@type":"WebPage","@id":"https:\/\/nielsgrobler.de\/","url":"https:\/\/nielsgrobler.de\/","name":"GROBLER - Immobilienvermittler (IHK) - \u00dcber mich","isPartOf":{"@id":"https:\/\/nielsgrobler.de\/#website"},"primaryImageOfPage":{"@id":"https:\/\/nielsgrobler.de\/#primaryimage"},"image":{"@id":"https:\/\/nielsgrobler.de\/#primaryimage"},"thumbnailUrl":"https:\/\/nielsgrobler.de\/wp-content\/uploads\/2021\/03\/niels-grobler-foto.1024x1024-gespiegelt-150x150.jpg","datePublished":"2020-12-10T10:05:46+00:00","dateModified":"2024-07-03T14:47:09+00:00","description":"Mein Name ist Niels Grobler, ich bin Immobilienvermittler (IHK) und selbstst\u00e4ndiger Immobilienmakler. Willkommen auf nielsgrobler.de","breadcrumb":{"@id":"https:\/\/nielsgrobler.de\/#breadcrumb"},"inLanguage":"de","potentialAction":[{"@type":"ReadAction","target":["https:\/\/nielsgrobler.de\/"]}]},{"@type":"ImageObject","inLanguage":"de","@id":"https:\/\/nielsgrobler.de\/#primaryimage","url":"https:\/\/nielsgrobler.de\/wp-content\/uploads\/2021\/03\/niels-grobler-foto.1024x1024-gespiegelt.jpg","contentUrl":"https:\/\/nielsgrobler.de\/wp-content\/uploads\/2021\/03\/niels-grobler-foto.1024x1024-gespiegelt.jpg","width":1024,"height":1024},{"@type":"BreadcrumbList","@id":"https:\/\/nielsgrobler.de\/#breadcrumb","itemListElement":[{"@type":"ListItem","position":1,"name":"Startseite","item":"https:\/\/nielsgrobler.de\/"},{"@type":"ListItem","position":2,"name":"\u00dcber mich"}]},{"@type":"WebSite","@id":"https:\/\/nielsgrobler.de\/#website","url":"https:\/\/nielsgrobler.de\/","name":"GROBLER","description":"Willkommen auf nielsgrobler.de","publisher":{"@id":"https:\/\/nielsgrobler.de\/#\/schema\/person\/b5b55f5c6660ed9489d68b1a61e8b5e3"},"potentialAction":[{"@type":"SearchAction","target":{"@type":"EntryPoint","urlTemplate":"https:\/\/nielsgrobler.de\/?s={search_term_string}"},"query-input":"required name=search_term_string"}],"inLanguage":"de"},{"@type":["Person","Organization"],"@id":"https:\/\/nielsgrobler.de\/#\/schema\/person\/b5b55f5c6660ed9489d68b1a61e8b5e3","name":"Niels Grobler","image":{"@type":"ImageObject","inLanguage":"de","@id":"https:\/\/nielsgrobler.de\/#\/schema\/person\/image\/","url":"https:\/\/nielsgrobler.de\/wp-content\/uploads\/2021\/03\/niels-grobler-foto.1024x1024-gespiegelt.jpg","contentUrl":"https:\/\/nielsgrobler.de\/wp-content\/uploads\/2021\/03\/niels-grobler-foto.1024x1024-gespiegelt.jpg","width":1024,"height":1024,"caption":"Niels Grobler"},"logo":{"@id":"https:\/\/nielsgrobler.de\/#\/schema\/person\/image\/"},"description":"Mensch, Vater, Ehemann, Immobilienvermittler (IHK) - f\u00fcr die Postbank Immobilien GmbH - unser B\u00fcro befindet sich im Sachsentor 24, 21029 Hamburg-Bergedorf. Ich bin Gebietsleiter f\u00fcr Reinbek und Wentorf.","sameAs":["https:\/\/nielsgrobler.de","https:\/\/www.facebook.com\/niels.grobler","https:\/\/www.instagram.com\/niels_grobler\/","https:\/\/www.linkedin.com\/in\/niels-grobler-2b1b411b4\/"]}]}},"_links":{"self":[{"href":"https:\/\/nielsgrobler.de\/index.php\/wp-json\/wp\/v2\/pages\/36"}],"collection":[{"href":"https:\/\/nielsgrobler.de\/index.php\/wp-json\/wp\/v2\/pages"}],"about":[{"href":"https:\/\/nielsgrobler.de\/index.php\/wp-json\/wp\/v2\/types\/page"}],"author":[{"embeddable":true,"href":"https:\/\/nielsgrobler.de\/index.php\/wp-json\/wp\/v2\/users\/1"}],"replies":[{"embeddable":true,"href":"https:\/\/nielsgrobler.de\/index.php\/wp-json\/wp\/v2\/comments?post=36"}],"version-history":[{"count":15,"href":"https:\/\/nielsgrobler.de\/index.php\/wp-json\/wp\/v2\/pages\/36\/revisions"}],"predecessor-version":[{"id":295,"href":"https:\/\/nielsgrobler.de\/index.php\/wp-json\/wp\/v2\/pages\/36\/revisions\/295"}],"wp:attachment":[{"href":"https:\/\/nielsgrobler.de\/index.php\/wp-json\/wp\/v2\/media?parent=36"}],"curies":[{"name":"wp","href":"https:\/\/api.w.org\/{rel}","templated":true}]}}