{"id":93,"date":"2021-03-30T11:35:25","date_gmt":"2021-03-30T11:35:25","guid":{"rendered":"https:\/\/nielsgrobler.de\/?page_id=93"},"modified":"2024-07-05T15:11:48","modified_gmt":"2024-07-05T15:11:48","slug":"kostenloser-ratgeber-immobilienwissen","status":"publish","type":"page","link":"https:\/\/nielsgrobler.de\/index.php\/kostenloser-ratgeber-immobilienwissen\/","title":{"rendered":"Immobilienratgeber"},"content":{"rendered":"<p><img loading=\"lazy\" decoding=\"async\" class=\"alignnone wp-image-95\" src=\"https:\/\/nielsgrobler.de\/wp-content\/uploads\/2021\/03\/Ratgeber-scaled-e1617104204224-300x152.jpg\" alt=\"\" width=\"1978\" height=\"1002\" srcset=\"https:\/\/nielsgrobler.de\/wp-content\/uploads\/2021\/03\/Ratgeber-scaled-e1617104204224-300x152.jpg 300w, https:\/\/nielsgrobler.de\/wp-content\/uploads\/2021\/03\/Ratgeber-scaled-e1617104204224-1024x519.jpg 1024w, https:\/\/nielsgrobler.de\/wp-content\/uploads\/2021\/03\/Ratgeber-scaled-e1617104204224-768x389.jpg 768w, https:\/\/nielsgrobler.de\/wp-content\/uploads\/2021\/03\/Ratgeber-scaled-e1617104204224-1536x779.jpg 1536w, https:\/\/nielsgrobler.de\/wp-content\/uploads\/2021\/03\/Ratgeber-scaled-e1617104204224.jpg 1900w\" sizes=\"(max-width: 1978px) 100vw, 1978px\" \/><\/p>\n<p>Mit diesem <em><strong>Immobilienratgeber <\/strong><\/em>m\u00f6chte ich Eigent\u00fcmern und K\u00e4ufern von Immobilien einen griffigen Leitfaden an die Hand geben. Der Ratgeber wird sich aus <strong>Fachwissen, Gesetzesgrundlagen, Alltagserfahrungen<\/strong> speisen und stetig wachsen. <strong>Dauerhaft und Kostenlos.<\/strong><\/p>\n<p>Die <strong>Immobilienbranche<\/strong> &#8211; besonders der <strong>Verkauf<\/strong> und die <strong>Vermittlung<\/strong> von <strong>Immobilien<\/strong> &#8211; ist ein sehr komplexes Arbeitsgebiet. Die Themenbereiche der Branche und des Ratgebers umfassen: <strong>Immobilienrecht, Vertragsrecht, Vertrieb, Marketing, Immobilienbewertung, Bautechnik<\/strong> und zum Teil, <strong>Projektplanung <\/strong>und<strong> Objektfinanzierung<\/strong>. All dies wird gerne von Verk\u00e4ufern und K\u00e4ufern von Immobilien untersch\u00e4tzt, bis sie dann dass erste Mal im Bauamt sitzen oder feststellen, dass die Bank des K\u00e4ufers den <a href=\"https:\/\/nielsgrobler.de\/index.php\/kostenloser-ratgeber-immobilienwissen\/beleihungswert\/\"><strong>Beleihungswert<\/strong><\/a> ihrer Immobilie weit unter dem Marktwert ansetzt oder von der finanzierenden Bank Unterlagen nachgefordert werden.<\/p>\n<p>&nbsp;<\/p>\n<h4><strong>Inhalt:<\/strong><\/h4>\n<h5><strong>Must Haves:<\/strong><\/h5>\n<ul>\n<li><a href=\"https:\/\/nielsgrobler.de\/index.php\/energieausweis\/\">Energieausweis<\/a><\/li>\n<\/ul>\n<h5><strong>Grundlagen:<\/strong><\/h5>\n<ul>\n<li><a href=\"https:\/\/nielsgrobler.de\/index.php\/kostenloser-ratgeber-immobilienwissen\/beleihungswert\/\">Beleihungswert<\/a><\/li>\n<li><a href=\"https:\/\/nielsgrobler.de\/index.php\/geg-enev-eneg-und-eewaermeg\/\">GEG, EnEV, EnEG und EEW\u00e4rmeG<\/a><\/li>\n<li><a href=\"https:\/\/nielsgrobler.de\/index.php\/kostenloser-ratgeber-immobilienwissen\/unterschied-wohnrecht-vs-niessbrauch\/\">Wohnrecht<\/a><\/li>\n<\/ul>\n<h5><strong>Detail Reports:<\/strong><\/h5>\n<ul>\n<li><a href=\"https:\/\/nielsgrobler.de\/index.php\/kostenloser-ratgeber-immobilienwissen\/betriebsverbot-fuer-heizung\/\">Betriebsverbot f\u00fcr Ihre Heizung? Der \u00a772 GEG im Detail<\/a><\/li>\n<\/ul>\n<hr \/>\n<p><em><strong>Bitte beachten Sie, ein Immobilienratgeber wie dieser kann keine Beratung durch einen Experten ersetzen. Der Ratgeber soll Ihnen nur Orientierung in einem sich st\u00e4ndig ver\u00e4ndernden Markt bieten.<\/strong><\/em><\/p>\n<hr \/>\n<p>&nbsp;<\/p>\n","protected":false},"excerpt":{"rendered":"<p>Mit diesem Immobilienratgeber m\u00f6chte ich Eigent\u00fcmern und K\u00e4ufern von Immobilien einen griffigen Leitfaden an die Hand geben. Der Ratgeber wird sich aus Fachwissen, Gesetzesgrundlagen, Alltagserfahrungen speisen und stetig wachsen. Dauerhaft und Kostenlos. Die Immobilienbranche &#8211; besonders der Verkauf und die Vermittlung von Immobilien &#8211; ist ein sehr komplexes Arbeitsgebiet. Die Themenbereiche der Branche und des [&hellip;]<\/p>\n","protected":false},"author":1,"featured_media":0,"parent":0,"menu_order":0,"comment_status":"closed","ping_status":"closed","template":"","meta":{"site-sidebar-layout":"default","site-content-layout":"default","ast-site-content-layout":"default","site-content-style":"default","site-sidebar-style":"default","ast-global-header-display":"","ast-banner-title-visibility":"","ast-main-header-display":"","ast-hfb-above-header-display":"","ast-hfb-below-header-display":"","ast-hfb-mobile-header-display":"","site-post-title":"","ast-breadcrumbs-content":"","ast-featured-img":"","footer-sml-layout":"","theme-transparent-header-meta":"default","adv-header-id-meta":"","stick-header-meta":"","header-above-stick-meta":"","header-main-stick-meta":"","header-below-stick-meta":"","astra-migrate-meta-layouts":"set","ast-page-background-enabled":"default","ast-page-background-meta":{"desktop":{"background-color":"","background-image":"","background-repeat":"repeat","background-position":"center center","background-size":"auto","background-attachment":"scroll","background-type":"","background-media":"","overlay-type":"","overlay-color":"","overlay-opacity":"","overlay-gradient":""},"tablet":{"background-color":"","background-image":"","background-repeat":"repeat","background-position":"center center","background-size":"auto","background-attachment":"scroll","background-type":"","background-media":"","overlay-type":"","overlay-color":"","overlay-opacity":"","overlay-gradient":""},"mobile":{"background-color":"","background-image":"","background-repeat":"repeat","background-position":"center center","background-size":"auto","background-attachment":"scroll","background-type":"","background-media":"","overlay-type":"","overlay-color":"","overlay-opacity":"","overlay-gradient":""}},"ast-content-background-meta":{"desktop":{"background-color":"var(--ast-global-color-5)","background-image":"","background-repeat":"repeat","background-position":"center center","background-size":"auto","background-attachment":"scroll","background-type":"","background-media":"","overlay-type":"","overlay-color":"","overlay-opacity":"","overlay-gradient":""},"tablet":{"background-color":"var(--ast-global-color-5)","background-image":"","background-repeat":"repeat","background-position":"center center","background-size":"auto","background-attachment":"scroll","background-type":"","background-media":"","overlay-type":"","overlay-color":"","overlay-opacity":"","overlay-gradient":""},"mobile":{"background-color":"var(--ast-global-color-5)","background-image":"","background-repeat":"repeat","background-position":"center center","background-size":"auto","background-attachment":"scroll","background-type":"","background-media":"","overlay-type":"","overlay-color":"","overlay-opacity":"","overlay-gradient":""}},"footnotes":""},"yoast_head":"<!-- This site is optimized with the Yoast SEO plugin v23.0 - https:\/\/yoast.com\/wordpress\/plugins\/seo\/ -->\n<title>GROBLER Immobilienratgeber - Thema: Immobilien und Verkauf<\/title>\n<meta name=\"description\" content=\"Ein griffiger Immobilienratgeber zu den Themen: Immobilienrecht, Vertragsrecht, Vertrieb, Marketing, Immobilienbewertung, Bautechnik.\" \/>\n<meta name=\"robots\" content=\"index, follow, max-snippet:-1, max-image-preview:large, max-video-preview:-1\" \/>\n<link rel=\"canonical\" href=\"https:\/\/nielsgrobler.de\/index.php\/kostenloser-ratgeber-immobilienwissen\/\" \/>\n<meta property=\"og:locale\" content=\"de_DE\" \/>\n<meta property=\"og:type\" content=\"article\" \/>\n<meta property=\"og:title\" content=\"GROBLER Immobilienratgeber - Thema: Immobilien und Verkauf\" \/>\n<meta property=\"og:description\" content=\"Ein griffiger Immobilienratgeber zu den Themen: Immobilienrecht, Vertragsrecht, Vertrieb, Marketing, Immobilienbewertung, Bautechnik.\" \/>\n<meta property=\"og:url\" content=\"https:\/\/nielsgrobler.de\/index.php\/kostenloser-ratgeber-immobilienwissen\/\" \/>\n<meta property=\"og:site_name\" content=\"GROBLER\" \/>\n<meta property=\"article:publisher\" content=\"https:\/\/www.facebook.com\/niels.grobler\" \/>\n<meta property=\"article:modified_time\" content=\"2024-07-05T15:11:48+00:00\" \/>\n<meta property=\"og:image\" content=\"https:\/\/nielsgrobler.de\/wp-content\/uploads\/2021\/03\/Ratgeber-scaled-e1617104204224-300x152.jpg\" \/>\n<meta name=\"twitter:card\" content=\"summary_large_image\" \/>\n<meta name=\"twitter:label1\" content=\"Gesch\u00e4tzte Lesezeit\" \/>\n\t<meta name=\"twitter:data1\" content=\"2\u00a0Minuten\" \/>\n<script type=\"application\/ld+json\" class=\"yoast-schema-graph\">{\"@context\":\"https:\/\/schema.org\",\"@graph\":[{\"@type\":\"WebPage\",\"@id\":\"https:\/\/nielsgrobler.de\/index.php\/kostenloser-ratgeber-immobilienwissen\/\",\"url\":\"https:\/\/nielsgrobler.de\/index.php\/kostenloser-ratgeber-immobilienwissen\/\",\"name\":\"GROBLER Immobilienratgeber - Thema: Immobilien und Verkauf\",\"isPartOf\":{\"@id\":\"https:\/\/nielsgrobler.de\/#website\"},\"primaryImageOfPage\":{\"@id\":\"https:\/\/nielsgrobler.de\/index.php\/kostenloser-ratgeber-immobilienwissen\/#primaryimage\"},\"image\":{\"@id\":\"https:\/\/nielsgrobler.de\/index.php\/kostenloser-ratgeber-immobilienwissen\/#primaryimage\"},\"thumbnailUrl\":\"https:\/\/nielsgrobler.de\/wp-content\/uploads\/2021\/03\/Ratgeber-scaled-e1617104204224-300x152.jpg\",\"datePublished\":\"2021-03-30T11:35:25+00:00\",\"dateModified\":\"2024-07-05T15:11:48+00:00\",\"description\":\"Ein griffiger Immobilienratgeber zu den Themen: Immobilienrecht, Vertragsrecht, Vertrieb, Marketing, Immobilienbewertung, Bautechnik.\",\"breadcrumb\":{\"@id\":\"https:\/\/nielsgrobler.de\/index.php\/kostenloser-ratgeber-immobilienwissen\/#breadcrumb\"},\"inLanguage\":\"de\",\"potentialAction\":[{\"@type\":\"ReadAction\",\"target\":[\"https:\/\/nielsgrobler.de\/index.php\/kostenloser-ratgeber-immobilienwissen\/\"]}]},{\"@type\":\"ImageObject\",\"inLanguage\":\"de\",\"@id\":\"https:\/\/nielsgrobler.de\/index.php\/kostenloser-ratgeber-immobilienwissen\/#primaryimage\",\"url\":\"https:\/\/nielsgrobler.de\/wp-content\/uploads\/2021\/03\/Ratgeber-scaled-e1617104204224.jpg\",\"contentUrl\":\"https:\/\/nielsgrobler.de\/wp-content\/uploads\/2021\/03\/Ratgeber-scaled-e1617104204224.jpg\",\"width\":1900,\"height\":963},{\"@type\":\"BreadcrumbList\",\"@id\":\"https:\/\/nielsgrobler.de\/index.php\/kostenloser-ratgeber-immobilienwissen\/#breadcrumb\",\"itemListElement\":[{\"@type\":\"ListItem\",\"position\":1,\"name\":\"Startseite\",\"item\":\"https:\/\/nielsgrobler.de\/\"},{\"@type\":\"ListItem\",\"position\":2,\"name\":\"Immobilienratgeber\"}]},{\"@type\":\"WebSite\",\"@id\":\"https:\/\/nielsgrobler.de\/#website\",\"url\":\"https:\/\/nielsgrobler.de\/\",\"name\":\"GROBLER\",\"description\":\"Willkommen auf nielsgrobler.de\",\"publisher\":{\"@id\":\"https:\/\/nielsgrobler.de\/#\/schema\/person\/b5b55f5c6660ed9489d68b1a61e8b5e3\"},\"potentialAction\":[{\"@type\":\"SearchAction\",\"target\":{\"@type\":\"EntryPoint\",\"urlTemplate\":\"https:\/\/nielsgrobler.de\/?s={search_term_string}\"},\"query-input\":\"required name=search_term_string\"}],\"inLanguage\":\"de\"},{\"@type\":[\"Person\",\"Organization\"],\"@id\":\"https:\/\/nielsgrobler.de\/#\/schema\/person\/b5b55f5c6660ed9489d68b1a61e8b5e3\",\"name\":\"Niels Grobler\",\"image\":{\"@type\":\"ImageObject\",\"inLanguage\":\"de\",\"@id\":\"https:\/\/nielsgrobler.de\/#\/schema\/person\/image\/\",\"url\":\"https:\/\/nielsgrobler.de\/wp-content\/uploads\/2021\/03\/niels-grobler-foto.1024x1024-gespiegelt.jpg\",\"contentUrl\":\"https:\/\/nielsgrobler.de\/wp-content\/uploads\/2021\/03\/niels-grobler-foto.1024x1024-gespiegelt.jpg\",\"width\":1024,\"height\":1024,\"caption\":\"Niels Grobler\"},\"logo\":{\"@id\":\"https:\/\/nielsgrobler.de\/#\/schema\/person\/image\/\"},\"description\":\"Mensch, Vater, Ehemann, Immobilienvermittler (IHK) - f\u00fcr die Postbank Immobilien GmbH - unser B\u00fcro befindet sich im Sachsentor 24, 21029 Hamburg-Bergedorf. Ich bin Gebietsleiter f\u00fcr Reinbek und Wentorf.\",\"sameAs\":[\"https:\/\/nielsgrobler.de\",\"https:\/\/www.facebook.com\/niels.grobler\",\"https:\/\/www.instagram.com\/niels_grobler\/\",\"https:\/\/www.linkedin.com\/in\/niels-grobler-2b1b411b4\/\"]}]}<\/script>\n<!-- \/ Yoast SEO plugin. -->","yoast_head_json":{"title":"GROBLER Immobilienratgeber - Thema: Immobilien und Verkauf","description":"Ein griffiger Immobilienratgeber zu den Themen: Immobilienrecht, Vertragsrecht, Vertrieb, Marketing, Immobilienbewertung, Bautechnik.","robots":{"index":"index","follow":"follow","max-snippet":"max-snippet:-1","max-image-preview":"max-image-preview:large","max-video-preview":"max-video-preview:-1"},"canonical":"https:\/\/nielsgrobler.de\/index.php\/kostenloser-ratgeber-immobilienwissen\/","og_locale":"de_DE","og_type":"article","og_title":"GROBLER Immobilienratgeber - Thema: Immobilien und Verkauf","og_description":"Ein griffiger Immobilienratgeber zu den Themen: Immobilienrecht, Vertragsrecht, Vertrieb, Marketing, Immobilienbewertung, Bautechnik.","og_url":"https:\/\/nielsgrobler.de\/index.php\/kostenloser-ratgeber-immobilienwissen\/","og_site_name":"GROBLER","article_publisher":"https:\/\/www.facebook.com\/niels.grobler","article_modified_time":"2024-07-05T15:11:48+00:00","og_image":[{"url":"https:\/\/nielsgrobler.de\/wp-content\/uploads\/2021\/03\/Ratgeber-scaled-e1617104204224-300x152.jpg"}],"twitter_card":"summary_large_image","twitter_misc":{"Gesch\u00e4tzte Lesezeit":"2\u00a0Minuten"},"schema":{"@context":"https:\/\/schema.org","@graph":[{"@type":"WebPage","@id":"https:\/\/nielsgrobler.de\/index.php\/kostenloser-ratgeber-immobilienwissen\/","url":"https:\/\/nielsgrobler.de\/index.php\/kostenloser-ratgeber-immobilienwissen\/","name":"GROBLER Immobilienratgeber - Thema: Immobilien und Verkauf","isPartOf":{"@id":"https:\/\/nielsgrobler.de\/#website"},"primaryImageOfPage":{"@id":"https:\/\/nielsgrobler.de\/index.php\/kostenloser-ratgeber-immobilienwissen\/#primaryimage"},"image":{"@id":"https:\/\/nielsgrobler.de\/index.php\/kostenloser-ratgeber-immobilienwissen\/#primaryimage"},"thumbnailUrl":"https:\/\/nielsgrobler.de\/wp-content\/uploads\/2021\/03\/Ratgeber-scaled-e1617104204224-300x152.jpg","datePublished":"2021-03-30T11:35:25+00:00","dateModified":"2024-07-05T15:11:48+00:00","description":"Ein griffiger Immobilienratgeber zu den Themen: Immobilienrecht, Vertragsrecht, Vertrieb, Marketing, Immobilienbewertung, Bautechnik.","breadcrumb":{"@id":"https:\/\/nielsgrobler.de\/index.php\/kostenloser-ratgeber-immobilienwissen\/#breadcrumb"},"inLanguage":"de","potentialAction":[{"@type":"ReadAction","target":["https:\/\/nielsgrobler.de\/index.php\/kostenloser-ratgeber-immobilienwissen\/"]}]},{"@type":"ImageObject","inLanguage":"de","@id":"https:\/\/nielsgrobler.de\/index.php\/kostenloser-ratgeber-immobilienwissen\/#primaryimage","url":"https:\/\/nielsgrobler.de\/wp-content\/uploads\/2021\/03\/Ratgeber-scaled-e1617104204224.jpg","contentUrl":"https:\/\/nielsgrobler.de\/wp-content\/uploads\/2021\/03\/Ratgeber-scaled-e1617104204224.jpg","width":1900,"height":963},{"@type":"BreadcrumbList","@id":"https:\/\/nielsgrobler.de\/index.php\/kostenloser-ratgeber-immobilienwissen\/#breadcrumb","itemListElement":[{"@type":"ListItem","position":1,"name":"Startseite","item":"https:\/\/nielsgrobler.de\/"},{"@type":"ListItem","position":2,"name":"Immobilienratgeber"}]},{"@type":"WebSite","@id":"https:\/\/nielsgrobler.de\/#website","url":"https:\/\/nielsgrobler.de\/","name":"GROBLER","description":"Willkommen auf nielsgrobler.de","publisher":{"@id":"https:\/\/nielsgrobler.de\/#\/schema\/person\/b5b55f5c6660ed9489d68b1a61e8b5e3"},"potentialAction":[{"@type":"SearchAction","target":{"@type":"EntryPoint","urlTemplate":"https:\/\/nielsgrobler.de\/?s={search_term_string}"},"query-input":"required name=search_term_string"}],"inLanguage":"de"},{"@type":["Person","Organization"],"@id":"https:\/\/nielsgrobler.de\/#\/schema\/person\/b5b55f5c6660ed9489d68b1a61e8b5e3","name":"Niels Grobler","image":{"@type":"ImageObject","inLanguage":"de","@id":"https:\/\/nielsgrobler.de\/#\/schema\/person\/image\/","url":"https:\/\/nielsgrobler.de\/wp-content\/uploads\/2021\/03\/niels-grobler-foto.1024x1024-gespiegelt.jpg","contentUrl":"https:\/\/nielsgrobler.de\/wp-content\/uploads\/2021\/03\/niels-grobler-foto.1024x1024-gespiegelt.jpg","width":1024,"height":1024,"caption":"Niels Grobler"},"logo":{"@id":"https:\/\/nielsgrobler.de\/#\/schema\/person\/image\/"},"description":"Mensch, Vater, Ehemann, Immobilienvermittler (IHK) - f\u00fcr die Postbank Immobilien GmbH - unser B\u00fcro befindet sich im Sachsentor 24, 21029 Hamburg-Bergedorf. Ich bin Gebietsleiter f\u00fcr Reinbek und Wentorf.","sameAs":["https:\/\/nielsgrobler.de","https:\/\/www.facebook.com\/niels.grobler","https:\/\/www.instagram.com\/niels_grobler\/","https:\/\/www.linkedin.com\/in\/niels-grobler-2b1b411b4\/"]}]}},"_links":{"self":[{"href":"https:\/\/nielsgrobler.de\/index.php\/wp-json\/wp\/v2\/pages\/93"}],"collection":[{"href":"https:\/\/nielsgrobler.de\/index.php\/wp-json\/wp\/v2\/pages"}],"about":[{"href":"https:\/\/nielsgrobler.de\/index.php\/wp-json\/wp\/v2\/types\/page"}],"author":[{"embeddable":true,"href":"https:\/\/nielsgrobler.de\/index.php\/wp-json\/wp\/v2\/users\/1"}],"replies":[{"embeddable":true,"href":"https:\/\/nielsgrobler.de\/index.php\/wp-json\/wp\/v2\/comments?post=93"}],"version-history":[{"count":22,"href":"https:\/\/nielsgrobler.de\/index.php\/wp-json\/wp\/v2\/pages\/93\/revisions"}],"predecessor-version":[{"id":328,"href":"https:\/\/nielsgrobler.de\/index.php\/wp-json\/wp\/v2\/pages\/93\/revisions\/328"}],"wp:attachment":[{"href":"https:\/\/nielsgrobler.de\/index.php\/wp-json\/wp\/v2\/media?parent=93"}],"curies":[{"name":"wp","href":"https:\/\/api.w.org\/{rel}","templated":true}]}}